{"id":18506,"date":"2024-10-16T10:48:55","date_gmt":"2024-10-16T10:48:55","guid":{"rendered":"https:\/\/www.nogometnionline.com\/?post_type=product&#038;p=18506"},"modified":"2024-10-16T10:48:59","modified_gmt":"2024-10-16T10:48:59","slug":"moski-nogometni-dresi-kompleti-tottenham-hotspur-domaci-2024-2025-hugo-lloris-1","status":"publish","type":"product","link":"https:\/\/www.nogometnizaotroke.com\/cs\/product\/moski-nogometni-dresi-kompleti-tottenham-hotspur-domaci-2024-2025-hugo-lloris-1\/","title":{"rendered":"P\u00e1nsk\u00e9 fotbalov\u00e9 dresy Soupravy Tottenham Hotspur Home 2024-2025 Hugo Lloris 1"},"content":{"rendered":"<p>Tottenham Hotspur Home 2024-2025 je v\u00fdjime\u010dn\u00fd - kombinuje b\u00edl\u00fd z\u00e1klad s mnohem v\u011bt\u0161\u00edm mno\u017estv\u00edm n\u00e1mo\u0159nick\u00e9 barvy, ne\u017e je obvykl\u00e9. Ruk\u00e1vy, boky a l\u00edmec jsou tmav\u011b modr\u00e9. Ofici\u00e1ln\u011b jsou barvy dom\u00e1c\u00edho dresu Tottenham Hotspur 24-25 \"b\u00edl\u00e1\/navy blue\/navy blue\". Man\u017eety ruk\u00e1v\u016f dom\u00e1c\u00edho dresu Tottenham 24-25 maj\u00ed tmav\u011b b\u00edl\u00e9 lemov\u00e1n\u00ed.<\/p>\n<p>Tipy pro pono\u017eky: tri\u010dko standardn\u011b neobsahuje pono\u017eky. Pokud chcete pono\u017eky, vyberte mo\u017enosti pono\u017eek a zapla\u0165te za n\u011b.<\/p>\n<p>Tip pro tisk: Pokud jsou jm\u00e9no a \u010d\u00edslo na obr\u00e1zku p\u0159esn\u011b takov\u00e9, jak\u00e9 chcete, nemus\u00edte je zad\u00e1vat znovu. Pokud tomu tak nen\u00ed, zadejte po\u017eadovan\u00e9 jm\u00e9no a \u010d\u00edslo.<\/p>\n<p>Tip na pran\u00ed: Fotbalov\u00e9 dresy se doporu\u010duje pr\u00e1t v ruce. Pokud chcete pou\u017e\u00edt pra\u010dku, nezapome\u0148te dres oto\u010dit a pot\u00e9 vyprat. A pra\u010dku napl\u0148te studenou vodou a pou\u017eijte \u0161etrn\u00fd prac\u00ed cyklus, abyste v\u00edce chr\u00e1nili barvy.<\/p>","protected":false},"excerpt":{"rendered":"<p>Tottenham Hotspur Doma\u010di 2024-2025 je izjemen \u2013 zdru\u017euje belo osnovo z veliko ve\u010d mornarice kot obi\u010dajno. Rokavi, stranski deli in ovratnik so mornarsko modri. Uradno so barve doma\u010dega dresa Tottenham Hotspur 24-25 \u201cbela\/dvojno modra\/dvojno modra\u201d. Man\u0161ete rokavov doma\u010de opreme Tottenham 24-25 so opremljene z mornarsko belimi robovi. Nasveti za nogavice: Majica ne vsebuje nogavic privzeto. [&hellip;]<\/p>","protected":false},"featured_media":18508,"comment_status":"open","ping_status":"closed","template":"","meta":[],"product_brand":[],"product_cat":[140,42],"product_tag":[1416,545,547,546,768,148,952],"class_list":{"0":"post-18506","1":"product","2":"type-product","3":"status-publish","4":"has-post-thumbnail","6":"product_cat-moski","7":"product_cat-nogometni-dresi-tottenham-hotspur","8":"product_tag-hugo-lloris-dresi","9":"product_tag-nogometni-dresi-slovenija","10":"product_tag-nogometni-dresi-tottenham-hotspur-prodaja","11":"product_tag-nogometni-dresi-tottenham-hotspur-z-lastnim-tiskom","12":"product_tag-poceni-moski-nogometni-dresi","13":"product_tag-poceni-nogometni-dresi","14":"product_tag-poceni-nogometni-dresi-tottenham-hotspur","16":"first","17":"instock","18":"shipping-taxable","19":"purchasable","20":"product-type-variable"},"_links":{"self":[{"href":"https:\/\/www.nogometnizaotroke.com\/cs\/wp-json\/wp\/v2\/product\/18506","targetHints":{"allow":["GET"]}}],"collection":[{"href":"https:\/\/www.nogometnizaotroke.com\/cs\/wp-json\/wp\/v2\/product"}],"about":[{"href":"https:\/\/www.nogometnizaotroke.com\/cs\/wp-json\/wp\/v2\/types\/product"}],"replies":[{"embeddable":true,"href":"https:\/\/www.nogometnizaotroke.com\/cs\/wp-json\/wp\/v2\/comments?post=18506"}],"wp:featuredmedia":[{"embeddable":true,"href":"https:\/\/www.nogometnizaotroke.com\/cs\/wp-json\/wp\/v2\/media\/18508"}],"wp:attachment":[{"href":"https:\/\/www.nogometnizaotroke.com\/cs\/wp-json\/wp\/v2\/media?parent=18506"}],"wp:term":[{"taxonomy":"product_brand","embeddable":true,"href":"https:\/\/www.nogometnizaotroke.com\/cs\/wp-json\/wp\/v2\/product_brand?post=18506"},{"taxonomy":"product_cat","embeddable":true,"href":"https:\/\/www.nogometnizaotroke.com\/cs\/wp-json\/wp\/v2\/product_cat?post=18506"},{"taxonomy":"product_tag","embeddable":true,"href":"https:\/\/www.nogometnizaotroke.com\/cs\/wp-json\/wp\/v2\/product_tag?post=18506"}],"curies":[{"name":"wp","href":"https:\/\/api.w.org\/{rel}","templated":true}]}}