{"id":18364,"date":"2024-10-12T09:45:18","date_gmt":"2024-10-12T09:45:18","guid":{"rendered":"https:\/\/www.nogometnionline.com\/?post_type=product&#038;p=18364"},"modified":"2024-10-12T09:45:23","modified_gmt":"2024-10-12T09:45:23","slug":"moski-nogometni-dresi-kompleti-chelsea-gostujoci-2024-2025-bela-joao-felix-14","status":"publish","type":"product","link":"https:\/\/www.nogometnizaotroke.com\/cs\/product\/moski-nogometni-dresi-kompleti-chelsea-gostujoci-2024-2025-bela-joao-felix-14\/","title":{"rendered":"P\u00e1nsk\u00e9 fotbalov\u00e9 dresy Soupravy Chelsea Away 2024-2025 white Jo\u00e3o F\u00e9lix 14"},"content":{"rendered":"<p>T\u00e9ma \"Blue Blame\" tohoto dom\u00e1c\u00edho dresu Chelsea FC 24\/25 se vztahuje i na dres pro hosty a zd\u016fraz\u0148uje spole\u010dn\u00e9 ambice klubu, horouc\u00ed v\u00e1\u0161e\u0148 a odhodl\u00e1n\u00ed usp\u011bt. V\u00fdrazn\u00e1 oran\u017eov\u00e1 barva akcentu symbolizuje ohe\u0148, kter\u00fd p\u0159edstavuje kolektivn\u00ed snahu v\u0161ech, kte\u0159\u00ed jsou s Chelsea spojeni, a to jak na h\u0159i\u0161ti, tak mimo n\u011bj. Slogan \"Together, We Burn Blue\" shrnuje tento \u00e9tos a odr\u00e1\u017e\u00ed jednotu a intenzitu, kterou chce klub vn\u00e9st do nov\u00e9 sezony.\" N\u00e1hradn\u00ed dres Chelsea 2024\/25 m\u00e1 tkanou l\u00e1tku v barv\u011b \"guava ice\", co\u017e je sv\u011btlej\u0161\u00ed odst\u00edn oran\u017eov\u00e9, kter\u00fd vn\u00e1\u0161\u00ed \u010distou, mladistvou a m\u00f3dn\u00ed estetiku. Tato volba barev p\u0159in\u00e1\u0161\u00ed nejen sv\u011b\u017e\u00ed vzhled, ale tak\u00e9 dopl\u0148uje tradi\u010dn\u011bj\u0161\u00ed barvy spojen\u00e9 s Chelsea. C\u00edlem designu je oslovit hr\u00e1\u010de i fanou\u0161ky a nab\u00eddnout modern\u00ed a z\u00e1rove\u0148 nad\u010dasov\u00fd vzhled, kter\u00fd je v souladu se sou\u010dasn\u00fdmi m\u00f3dn\u00edmi trendy.<\/p>\n<p>Tipy pro pono\u017eky: tri\u010dko standardn\u011b neobsahuje pono\u017eky. Pokud chcete pono\u017eky, vyberte mo\u017enosti pono\u017eek a zapla\u0165te za n\u011b.<\/p>\n<p>Tip pro tisk: Pokud jsou jm\u00e9no a \u010d\u00edslo na obr\u00e1zku p\u0159esn\u011b takov\u00e9, jak\u00e9 chcete, nemus\u00edte je zad\u00e1vat znovu. Pokud tomu tak nen\u00ed, zadejte po\u017eadovan\u00e9 jm\u00e9no a \u010d\u00edslo.<\/p>\n<p>Tip na pran\u00ed: Fotbalov\u00e9 dresy se doporu\u010duje pr\u00e1t v ruce. Pokud chcete pou\u017e\u00edt pra\u010dku, nezapome\u0148te dres oto\u010dit a pot\u00e9 vyprat. A pra\u010dku napl\u0148te studenou vodou a pou\u017eijte \u0161etrn\u00fd prac\u00ed cyklus, abyste v\u00edce chr\u00e1nili barvy.<\/p>","protected":false},"excerpt":{"rendered":"<p>Tema \u2018Blue Blame\u2019 iz tega doma\u010dega dresa FC Chelsea 24\/25 se raz\u0161iri na gostujo\u010do majico in poudarja skupno ambicioznost kluba, gore\u010do strast in odlo\u010denost za uspeh. Osupljiva oran\u017ena poudarjena barva simbolizira ogenj, ki predstavlja kolektivni zagon vseh, ki so povezani s Chelseajem, tako na igri\u0161\u010du kot izven njega. Slogan \u00bbTogether, We Burn Blue\u00ab povzema ta [&hellip;]<\/p>","protected":false},"featured_media":18366,"comment_status":"open","ping_status":"closed","template":"","meta":[],"product_brand":[],"product_cat":[140,43],"product_tag":[281,1328,150,282,1036,148,647,165,147],"class_list":{"0":"post-18364","1":"product","2":"type-product","3":"status-publish","4":"has-post-thumbnail","6":"product_cat-moski","7":"product_cat-nogometni-dresi-chelsea","8":"product_tag-dresi-chelsea-za-otroke","9":"product_tag-joao-felix-dresi","10":"product_tag-moski-nogometni-dresi","11":"product_tag-otroski-dresi-chelsea-z-lastnim-imenom","12":"product_tag-otroski-nogometni-dresi-chelsea","13":"product_tag-poceni-nogometni-dresi","14":"product_tag-poceni-nogometni-dresi-otroski-z-lastnim-imenom-online","15":"product_tag-poceni-otroski-nogometni-dresi-chelsea-z-lastnim-imenom","16":"product_tag-slovenski-nogometni-dresi","18":"first","19":"instock","20":"shipping-taxable","21":"purchasable","22":"product-type-variable"},"_links":{"self":[{"href":"https:\/\/www.nogometnizaotroke.com\/cs\/wp-json\/wp\/v2\/product\/18364","targetHints":{"allow":["GET"]}}],"collection":[{"href":"https:\/\/www.nogometnizaotroke.com\/cs\/wp-json\/wp\/v2\/product"}],"about":[{"href":"https:\/\/www.nogometnizaotroke.com\/cs\/wp-json\/wp\/v2\/types\/product"}],"replies":[{"embeddable":true,"href":"https:\/\/www.nogometnizaotroke.com\/cs\/wp-json\/wp\/v2\/comments?post=18364"}],"wp:featuredmedia":[{"embeddable":true,"href":"https:\/\/www.nogometnizaotroke.com\/cs\/wp-json\/wp\/v2\/media\/18366"}],"wp:attachment":[{"href":"https:\/\/www.nogometnizaotroke.com\/cs\/wp-json\/wp\/v2\/media?parent=18364"}],"wp:term":[{"taxonomy":"product_brand","embeddable":true,"href":"https:\/\/www.nogometnizaotroke.com\/cs\/wp-json\/wp\/v2\/product_brand?post=18364"},{"taxonomy":"product_cat","embeddable":true,"href":"https:\/\/www.nogometnizaotroke.com\/cs\/wp-json\/wp\/v2\/product_cat?post=18364"},{"taxonomy":"product_tag","embeddable":true,"href":"https:\/\/www.nogometnizaotroke.com\/cs\/wp-json\/wp\/v2\/product_tag?post=18364"}],"curies":[{"name":"wp","href":"https:\/\/api.w.org\/{rel}","templated":true}]}}