{"id":18180,"date":"2024-10-10T07:53:38","date_gmt":"2024-10-10T07:53:38","guid":{"rendered":"https:\/\/www.nogometnionline.com\/?post_type=product&#038;p=18180"},"modified":"2024-10-10T07:53:44","modified_gmt":"2024-10-10T07:53:44","slug":"moski-nogometni-dresi-kompleti-manchester-city-domaci-2024-2025-ruben-dias-3","status":"publish","type":"product","link":"https:\/\/www.nogometnizaotroke.com\/cs\/product\/moski-nogometni-dresi-kompleti-manchester-city-domaci-2024-2025-ruben-dias-3\/","title":{"rendered":"P\u00e1nsk\u00e9 fotbalov\u00e9 dresy Manchester City Home Kits 2024-2025 Ruben Dias 3"},"content":{"rendered":"<p>Toto tri\u010dko je navr\u017eeno v nebesky modr\u00e9 barv\u011b, kter\u00e1 ironicky vych\u00e1z\u00ed z dom\u00e1c\u00edho barevn\u00e9ho sch\u00e9matu Man City, a m\u00e1 nov\u00fd design inspirovan\u00fd volac\u00edm znakem \"0161\", kter\u00fd pokr\u00fdv\u00e1 centrum Manchesteru. Nebesky modr\u00fd dres je zv\u00fdrazn\u011bn n\u00e1mo\u0159nick\u00fdmi vlo\u017ekami a jedine\u010dnou maskovac\u00ed grafikou ve stylu graffiti, kter\u00e1 vyu\u017e\u00edv\u00e1 \u010d\u00edsla \"0161\" kolem l\u00edmce a man\u017eet na ruk\u00e1vech. Na p\u0159edn\u00ed stran\u011b dresu je vy\u0161it\u00fd odznak Manchesteru City a logo Puma a vyti\u0161t\u011bno je tak\u00e9 logo sponzora.<\/p>\n<p>Toto dom\u00e1c\u00ed tri\u010dko je ide\u00e1ln\u00ed pro v\u0161echny mlad\u00e9 fanou\u0161ky Man City, kte\u0159\u00ed cht\u011bj\u00ed uk\u00e1zat svou v\u011brnost t\u00fdmu. M\u00e1 kr\u00e1tk\u00e9 ruk\u00e1vy, \u017eebrovan\u00fd l\u00edmec a standardn\u00ed st\u0159ih pro optim\u00e1ln\u00ed pohodl\u00ed. V ml\u00e1d\u00ed fotbalisty Deana je toto tri\u010dko vyrobeno z recyklovan\u00e9ho polyesteru minim\u00e1ln\u011b 95 %, m\u00e1 s\u00ed\u0165ovan\u00e9 v\u011btrac\u00ed kan\u00e1lky a v\u00fdrazn\u00fd prost\u0159edek Duracell pro odvod potu, kter\u00fd udr\u017euje mlad\u00e9 hr\u00e1\u010de v chladu a suchu.<\/p>\n<p>Tipy pro pono\u017eky: tri\u010dko standardn\u011b neobsahuje pono\u017eky. Pokud chcete pono\u017eky, vyberte mo\u017enosti pono\u017eek a zapla\u0165te za n\u011b.<\/p>\n<p>Tip pro tisk: Pokud jsou jm\u00e9no a \u010d\u00edslo na obr\u00e1zku p\u0159esn\u011b takov\u00e9, jak\u00e9 chcete, nemus\u00edte je zad\u00e1vat znovu. Pokud tomu tak nen\u00ed, zadejte po\u017eadovan\u00e9 jm\u00e9no a \u010d\u00edslo.<\/p>\n<p>Tip na pran\u00ed: Fotbalov\u00e9 dresy se doporu\u010duje pr\u00e1t v ruce. Pokud chcete pou\u017e\u00edt pra\u010dku, nezapome\u0148te dres oto\u010dit a pot\u00e9 vyprat. A pra\u010dku napl\u0148te studenou vodou a pou\u017eijte \u0161etrn\u00fd prac\u00ed cyklus, abyste v\u00edce chr\u00e1nili barvy.<\/p>","protected":false},"excerpt":{"rendered":"<p>Ta majica, oblikovana v nebesno modri barvi po ironi\u010dni doma\u010di barvni shemi Man City, ima nov dizajn, ki ga je navdihnila klicna koda \u20180161\u2019, ki pokriva sredi\u0161\u010de Manchester City. Nebe\u0161ko moder dres je poudarjen z mornarskimi vstavki in edinstveno maskirno grafiko v slogu grafitov, ki uporablja \u0161tevilke \u20180161\u2019 okoli ovratnika in man\u0161et na rokavih. Na [&hellip;]<\/p>","protected":false},"featured_media":18182,"comment_status":"open","ping_status":"closed","template":"","meta":[],"product_brand":[],"product_cat":[140,44],"product_tag":[483,883,938,150,153,1176,148,1175,897,147],"class_list":{"0":"post-18180","1":"product","2":"type-product","3":"status-publish","4":"has-post-thumbnail","6":"product_cat-moski","7":"product_cat-nogometni-dresi-manchester-city","8":"product_tag-dresi-manchester-city-za-otroke","9":"product_tag-manchester-city-dresi-2024","10":"product_tag-manchester-city-z-lastnim-imenom-online","11":"product_tag-moski-nogometni-dresi","12":"product_tag-nogometni-dresi","13":"product_tag-nogometni-dresi-manchester-city-z-lastnim-imenom","14":"product_tag-poceni-nogometni-dresi","15":"product_tag-poceni-nogometni-dresi-manchester-city","16":"product_tag-ruben-dias-dresi","17":"product_tag-slovenski-nogometni-dresi","19":"first","20":"instock","21":"shipping-taxable","22":"purchasable","23":"product-type-variable"},"_links":{"self":[{"href":"https:\/\/www.nogometnizaotroke.com\/cs\/wp-json\/wp\/v2\/product\/18180","targetHints":{"allow":["GET"]}}],"collection":[{"href":"https:\/\/www.nogometnizaotroke.com\/cs\/wp-json\/wp\/v2\/product"}],"about":[{"href":"https:\/\/www.nogometnizaotroke.com\/cs\/wp-json\/wp\/v2\/types\/product"}],"replies":[{"embeddable":true,"href":"https:\/\/www.nogometnizaotroke.com\/cs\/wp-json\/wp\/v2\/comments?post=18180"}],"wp:featuredmedia":[{"embeddable":true,"href":"https:\/\/www.nogometnizaotroke.com\/cs\/wp-json\/wp\/v2\/media\/18182"}],"wp:attachment":[{"href":"https:\/\/www.nogometnizaotroke.com\/cs\/wp-json\/wp\/v2\/media?parent=18180"}],"wp:term":[{"taxonomy":"product_brand","embeddable":true,"href":"https:\/\/www.nogometnizaotroke.com\/cs\/wp-json\/wp\/v2\/product_brand?post=18180"},{"taxonomy":"product_cat","embeddable":true,"href":"https:\/\/www.nogometnizaotroke.com\/cs\/wp-json\/wp\/v2\/product_cat?post=18180"},{"taxonomy":"product_tag","embeddable":true,"href":"https:\/\/www.nogometnizaotroke.com\/cs\/wp-json\/wp\/v2\/product_tag?post=18180"}],"curies":[{"name":"wp","href":"https:\/\/api.w.org\/{rel}","templated":true}]}}