{"id":17798,"date":"2024-10-02T06:48:30","date_gmt":"2024-10-02T06:48:30","guid":{"rendered":"https:\/\/www.nogometnionline.com\/?post_type=product&#038;p=17798"},"modified":"2024-10-02T06:48:35","modified_gmt":"2024-10-02T06:48:35","slug":"otroski-nogometni-dresi-za-otroke-argentina-domaci-copa-america-2024-rodrigo-de-paul-7","status":"publish","type":"product","link":"https:\/\/www.nogometnizaotroke.com\/cs\/product\/otroski-nogometni-dresi-za-otroke-argentina-domaci-copa-america-2024-rodrigo-de-paul-7\/","title":{"rendered":"D\u011btsk\u00e9 fotbalov\u00e9 dresy pro d\u011bti Argentina Home Copa America 2024 Rodrigo de Paul 7"},"content":{"rendered":"<p>Doma\u010di dres Argentina 2024 ima tradicionalne bele in nebesno modre \u010drte v kombinaciji z zlatimi logotipi, aplikacijami in zlatimi napisi.Argentina je osvojila Copa Am\u00e9rica 2021 in svetovno prvenstvo 2022, zato so zlati elementi primeren poklon.Proge na dresu Argentine 2024 so klasi\u010dne, z modro \u010drto na sredini in belimi \u010drtami z logotipom AFA.Argentina uporablja nekoliko posodobljen logotip s tremi zvezdicami, pri \u010demer je tretja zvezdica nekoliko vi\u0161ja od obeh s prvih svetovnih prvenstev.<\/p>\n<p>Tipy pro pono\u017eky: tri\u010dko standardn\u011b neobsahuje pono\u017eky. Pokud chcete pono\u017eky, vyberte mo\u017enosti pono\u017eek a zapla\u0165te za n\u011b.<\/p>\n<p>Tip pro tisk: Pokud jsou jm\u00e9no a \u010d\u00edslo na obr\u00e1zku p\u0159esn\u011b takov\u00e9, jak\u00e9 chcete, nemus\u00edte je zad\u00e1vat znovu. Pokud tomu tak nen\u00ed, zadejte po\u017eadovan\u00e9 jm\u00e9no a \u010d\u00edslo.<\/p>\n<p>Tip na pran\u00ed: Fotbalov\u00e9 dresy se doporu\u010duje pr\u00e1t v ruce. Pokud chcete pou\u017e\u00edt pra\u010dku, nezapome\u0148te dres oto\u010dit a pot\u00e9 vyprat. A pra\u010dku napl\u0148te studenou vodou a pou\u017eijte \u0161etrn\u00fd prac\u00ed cyklus, abyste v\u00edce chr\u00e1nili barvy.<\/p>","protected":false},"excerpt":{"rendered":"<p>Doma\u010di dres Argentina 2024 ima tradicionalne bele in nebesno modre \u010drte v kombinaciji z zlatimi logotipi, aplikacijami in zlatimi napisi.Argentina je osvojila Copa Am\u00e9rica 2021 in svetovno prvenstvo 2022, zato so zlati elementi primeren poklon.Proge na dresu Argentine 2024 so klasi\u010dne, z modro \u010drto na sredini in belimi \u010drtami z logotipom AFA.Argentina uporablja nekoliko posodobljen [&hellip;]<\/p>","protected":false},"featured_media":17800,"comment_status":"open","ping_status":"closed","template":"","meta":[],"product_brand":[],"product_cat":[73,81],"product_tag":[840,816,153,545,220,159,148,1386,147],"class_list":{"0":"post-17798","1":"product","2":"type-product","3":"status-publish","4":"has-post-thumbnail","6":"product_cat-otroski","7":"product_cat-dresi-argentina-reprezentance","8":"product_tag-argentina-2024-25-dresi","9":"product_tag-argentina-copa-america-2024-dresi","10":"product_tag-nogometni-dresi","11":"product_tag-nogometni-dresi-slovenija","12":"product_tag-nogometni-dresi-za-otroke","13":"product_tag-otroski-nogometni-dresi","14":"product_tag-poceni-nogometni-dresi","15":"product_tag-rodrigo-de-paul-dresi","16":"product_tag-slovenski-nogometni-dresi","18":"first","19":"instock","20":"shipping-taxable","21":"purchasable","22":"product-type-variable"},"_links":{"self":[{"href":"https:\/\/www.nogometnizaotroke.com\/cs\/wp-json\/wp\/v2\/product\/17798","targetHints":{"allow":["GET"]}}],"collection":[{"href":"https:\/\/www.nogometnizaotroke.com\/cs\/wp-json\/wp\/v2\/product"}],"about":[{"href":"https:\/\/www.nogometnizaotroke.com\/cs\/wp-json\/wp\/v2\/types\/product"}],"replies":[{"embeddable":true,"href":"https:\/\/www.nogometnizaotroke.com\/cs\/wp-json\/wp\/v2\/comments?post=17798"}],"wp:featuredmedia":[{"embeddable":true,"href":"https:\/\/www.nogometnizaotroke.com\/cs\/wp-json\/wp\/v2\/media\/17800"}],"wp:attachment":[{"href":"https:\/\/www.nogometnizaotroke.com\/cs\/wp-json\/wp\/v2\/media?parent=17798"}],"wp:term":[{"taxonomy":"product_brand","embeddable":true,"href":"https:\/\/www.nogometnizaotroke.com\/cs\/wp-json\/wp\/v2\/product_brand?post=17798"},{"taxonomy":"product_cat","embeddable":true,"href":"https:\/\/www.nogometnizaotroke.com\/cs\/wp-json\/wp\/v2\/product_cat?post=17798"},{"taxonomy":"product_tag","embeddable":true,"href":"https:\/\/www.nogometnizaotroke.com\/cs\/wp-json\/wp\/v2\/product_tag?post=17798"}],"curies":[{"name":"wp","href":"https:\/\/api.w.org\/{rel}","templated":true}]}}