{"id":17671,"date":"2024-09-26T12:25:21","date_gmt":"2024-09-26T12:25:21","guid":{"rendered":"https:\/\/www.nogometnionline.com\/?post_type=product&#038;p=17671"},"modified":"2024-09-26T12:25:25","modified_gmt":"2024-09-26T12:25:25","slug":"poceni-zenski-nogometni-dresi-reprezentance-belgija-domaci-ep-2024","status":"publish","type":"product","link":"https:\/\/www.nogometnizaotroke.com\/cs\/product\/poceni-zenski-nogometni-dresi-reprezentance-belgija-domaci-ep-2024\/","title":{"rendered":"Levn\u00e9 D\u00e1msk\u00e9 Fotbalov\u00e9 Dresy Belgium National Team Home EP 2024"},"content":{"rendered":"<p>Nov\u00e9 dom\u00e1c\u00ed dresy Belgie pro Euro 2024 p\u0159edstavuj\u00ed z\u00e1sadn\u00ed zm\u011bnu oproti p\u0159edchoz\u00edm dom\u00e1c\u00edm dres\u016fm t\u00fdmu. Nam\u00edsto jasn\u011b \u010derven\u00e9 barvy je dres Belgie 2024 p\u0159ev\u00e1\u017en\u011b v\u00ednov\u011b \u010derven\u00fd. Ofici\u00e1ln\u011b je barva nov\u00fdch dom\u00e1c\u00edch dres\u016f Belgie 2024 \"Team College Burgundy\". Tuto barvu ji\u017e pou\u017e\u00edvaly t\u00fdmy jako norimberk a atlanta United. kombinuje nov\u00fd dom\u00e1c\u00ed dres Belgie 2024 se zlat\u00fdmi logy, co\u017e vytv\u00e1\u0159\u00ed stylov\u00fd vzhled. \u010derno-zlat\u00e9 tren\u00fdrky a bord\u00f3\/zlat\u00e9 pono\u017eky dopl\u0148uj\u00ed dom\u00e1c\u00ed soupravu Belgie pro Euro 2024.<\/p>\n<p>Tipy pro pono\u017eky: tri\u010dko standardn\u011b neobsahuje pono\u017eky. Pokud chcete pono\u017eky, vyberte mo\u017enosti pono\u017eek a zapla\u0165te za n\u011b.<\/p>\n<p>Tip pro tisk: Pokud jsou jm\u00e9no a \u010d\u00edslo na obr\u00e1zku p\u0159esn\u011b takov\u00e9, jak\u00e9 chcete, nemus\u00edte je zad\u00e1vat znovu. Pokud tomu tak nen\u00ed, zadejte po\u017eadovan\u00e9 jm\u00e9no a \u010d\u00edslo.<\/p>\n<p>Tip na pran\u00ed: Fotbalov\u00e9 dresy se doporu\u010duje pr\u00e1t v ruce. Pokud chcete pou\u017e\u00edt pra\u010dku, nezapome\u0148te dres oto\u010dit a pot\u00e9 vyprat. A pra\u010dku napl\u0148te studenou vodou a pou\u017eijte \u0161etrn\u00fd prac\u00ed cyklus, abyste v\u00edce chr\u00e1nili barvy.<\/p>","protected":false},"excerpt":{"rendered":"<p>Novi Belgija Doma\u010di Euro 2024 dresi uvaja veliko spremembo prej\u0161njih doma\u010dih dresov ekipe. Namesto \u017eivo rde\u010de je majica Belgije 2024 v glavnem vinsko rde\u010da. Uradno je barva novega doma\u010dega dresa Belgije 2024 \u201cTeam College Burgundy\u201d. To barvo je \u017ee uporabil za ekipe, kot sta N\u00fcrnberg in Atlanta United.Zdru\u017euje novo majico doma\u010dega nogometa Belgija 2024 z [&hellip;]<\/p>","protected":false},"featured_media":17673,"comment_status":"open","ping_status":"closed","template":"","meta":[],"product_brand":[],"product_cat":[778,74,78],"product_tag":[785,1020,1369,153,148,147,1371,1370,1368],"class_list":{"0":"post-17671","1":"product","2":"type-product","3":"status-publish","4":"has-post-thumbnail","6":"product_cat-euro-2024","7":"product_cat-zenski","8":"product_cat-dresi-belgija-reprezentance","9":"product_tag-anglija-euro-2024-dresi","10":"product_tag-anglija-nogometni-dresi","11":"product_tag-dresi-belgija-za-zenske","12":"product_tag-nogometni-dresi","13":"product_tag-poceni-nogometni-dresi","14":"product_tag-slovenski-nogometni-dresi","15":"product_tag-zenske-belgija-ep-2024-dresi-za-nogomet","16":"product_tag-zenske-dresi-belgija-z-lastnim-imenom","17":"product_tag-zenske-nogometni-dresi-belgija","19":"first","20":"instock","21":"shipping-taxable","22":"purchasable","23":"product-type-variable"},"_links":{"self":[{"href":"https:\/\/www.nogometnizaotroke.com\/cs\/wp-json\/wp\/v2\/product\/17671","targetHints":{"allow":["GET"]}}],"collection":[{"href":"https:\/\/www.nogometnizaotroke.com\/cs\/wp-json\/wp\/v2\/product"}],"about":[{"href":"https:\/\/www.nogometnizaotroke.com\/cs\/wp-json\/wp\/v2\/types\/product"}],"replies":[{"embeddable":true,"href":"https:\/\/www.nogometnizaotroke.com\/cs\/wp-json\/wp\/v2\/comments?post=17671"}],"wp:featuredmedia":[{"embeddable":true,"href":"https:\/\/www.nogometnizaotroke.com\/cs\/wp-json\/wp\/v2\/media\/17673"}],"wp:attachment":[{"href":"https:\/\/www.nogometnizaotroke.com\/cs\/wp-json\/wp\/v2\/media?parent=17671"}],"wp:term":[{"taxonomy":"product_brand","embeddable":true,"href":"https:\/\/www.nogometnizaotroke.com\/cs\/wp-json\/wp\/v2\/product_brand?post=17671"},{"taxonomy":"product_cat","embeddable":true,"href":"https:\/\/www.nogometnizaotroke.com\/cs\/wp-json\/wp\/v2\/product_cat?post=17671"},{"taxonomy":"product_tag","embeddable":true,"href":"https:\/\/www.nogometnizaotroke.com\/cs\/wp-json\/wp\/v2\/product_tag?post=17671"}],"curies":[{"name":"wp","href":"https:\/\/api.w.org\/{rel}","templated":true}]}}