{"id":17495,"date":"2024-09-23T13:07:46","date_gmt":"2024-09-23T13:07:46","guid":{"rendered":"https:\/\/www.nogometnionline.com\/?post_type=product&#038;p=17495"},"modified":"2024-09-23T13:07:51","modified_gmt":"2024-09-23T13:07:51","slug":"otroski-nogometni-dresi-kompleti-real-madrid-domaci-2024-25-endrick-16","status":"publish","type":"product","link":"https:\/\/www.nogometnizaotroke.com\/cs\/product\/otroski-nogometni-dresi-kompleti-real-madrid-domaci-2024-25-endrick-16\/","title":{"rendered":"D\u011btsk\u00e9 fotbalov\u00e9 dresy Soupravy Real Madrid Home 2024-25 Endrick 16"},"content":{"rendered":"<p>Dres Real Madrid 2024\/25 Home Kit se py\u0161n\u00ed p\u0159ev\u00e1\u017en\u011b b\u00edl\u00fdm z\u00e1kladem s jemn\u00fdmi detaily a p\u0159edstavuje nej\u010dist\u0161\u00ed design dom\u00e1c\u00edho dresu, kter\u00fd v posledn\u00ed dob\u011b zdob\u00ed stadion Santiaga Bernab\u00e9ua.Z\u00e1\u0159iv\u011b b\u00edl\u00e9 tri\u010dko bylo charakteristick\u00fdm znakem klubu po celou jeho bohatou historii, styl, kter\u00fd madrid\u0161t\u00ed fanou\u0161ci zbo\u017e\u0148uj\u00ed a kter\u00fd nosili n\u011bkte\u0159\u00ed z nejlep\u0161\u00edch hr\u00e1\u010d\u016f, kte\u0159\u00ed kdy obl\u00e9kli fotbalov\u00e9 h\u0159i\u0161t\u011b. Nyn\u00ed, kdy\u017e Real Madrid v\u00edt\u00e1 novou \u00e9ru plnou vzru\u0161uj\u00edc\u00edch talent\u016f, se design dresu 2024\/25 vrac\u00ed ke ko\u0159en\u016fm klubu a p\u0159edstavuje minimalistickou estetiku, kter\u00e1 vzd\u00e1v\u00e1 hold trval\u00e9mu odkazu a n\u00e1klonnosti v\u0161ech, kte\u0159\u00ed jsou s klubem spojeni.<\/p>\n<p>Tipy pro pono\u017eky: tri\u010dko standardn\u011b neobsahuje pono\u017eky. Pokud chcete pono\u017eky, vyberte mo\u017enosti pono\u017eek a zapla\u0165te za n\u011b.<\/p>\n<p>Tip pro tisk: Pokud jsou jm\u00e9no a \u010d\u00edslo na obr\u00e1zku p\u0159esn\u011b takov\u00e9, jak\u00e9 chcete, nemus\u00edte je zad\u00e1vat znovu. Pokud tomu tak nen\u00ed, zadejte po\u017eadovan\u00e9 jm\u00e9no a \u010d\u00edslo.<\/p>\n<p>Tip na pran\u00ed: Fotbalov\u00e9 dresy se doporu\u010duje pr\u00e1t v ruce. Pokud chcete pou\u017e\u00edt pra\u010dku, nezapome\u0148te dres oto\u010dit a pot\u00e9 vyprat. A pra\u010dku napl\u0148te studenou vodou a pou\u017eijte \u0161etrn\u00fd prac\u00ed cyklus, abyste v\u00edce chr\u00e1nili barvy.<\/p>","protected":false},"excerpt":{"rendered":"<p>Dres Real Madrid 2024\/25 Doma\u010di Kit se pona\u0161a s prete\u017eno belo osnovo s subtilnimi detajli, ki predstavlja naj\u010distej\u0161i dizajn doma\u010de opreme, ki je krasil stadion Santiago Bernab\u00e9u v zadnjem \u010dasu.Jasno bela majica je bila za\u0161\u010ditni znak kluba skozi celotno okra\u0161eno zgodovino, stil, ki ga obo\u017eujejo verniki Madrid in ga nosijo nekateri najve\u010dji igralci, ki so [&hellip;]<\/p>","protected":false},"featured_media":17497,"comment_status":"open","ping_status":"closed","template":"","meta":[],"product_brand":[],"product_cat":[73,33],"product_tag":[290,837,464,1114,463,220,148,1113,751,147],"class_list":{"0":"post-17495","1":"product","2":"type-product","3":"status-publish","4":"has-post-thumbnail","6":"product_cat-otroski","7":"product_cat-nogometni-dresi-real-madrid","8":"product_tag-dresi-real-madrid-za-otroke","9":"product_tag-dresi-za-nogomet","10":"product_tag-nogometni-dresi-real-madrid-prodaja","11":"product_tag-nogometni-dresi-real-madrid-z-lastnim-imenom","12":"product_tag-nogometni-dresi-real-madrid-z-lastnim-tiskom","13":"product_tag-nogometni-dresi-za-otroke","14":"product_tag-poceni-nogometni-dresi","15":"product_tag-poceni-nogometni-dresi-real-madrid","16":"product_tag-real-madrid-dresi-2024","17":"product_tag-slovenski-nogometni-dresi","19":"first","20":"instock","21":"shipping-taxable","22":"purchasable","23":"product-type-variable"},"_links":{"self":[{"href":"https:\/\/www.nogometnizaotroke.com\/cs\/wp-json\/wp\/v2\/product\/17495","targetHints":{"allow":["GET"]}}],"collection":[{"href":"https:\/\/www.nogometnizaotroke.com\/cs\/wp-json\/wp\/v2\/product"}],"about":[{"href":"https:\/\/www.nogometnizaotroke.com\/cs\/wp-json\/wp\/v2\/types\/product"}],"replies":[{"embeddable":true,"href":"https:\/\/www.nogometnizaotroke.com\/cs\/wp-json\/wp\/v2\/comments?post=17495"}],"wp:featuredmedia":[{"embeddable":true,"href":"https:\/\/www.nogometnizaotroke.com\/cs\/wp-json\/wp\/v2\/media\/17497"}],"wp:attachment":[{"href":"https:\/\/www.nogometnizaotroke.com\/cs\/wp-json\/wp\/v2\/media?parent=17495"}],"wp:term":[{"taxonomy":"product_brand","embeddable":true,"href":"https:\/\/www.nogometnizaotroke.com\/cs\/wp-json\/wp\/v2\/product_brand?post=17495"},{"taxonomy":"product_cat","embeddable":true,"href":"https:\/\/www.nogometnizaotroke.com\/cs\/wp-json\/wp\/v2\/product_cat?post=17495"},{"taxonomy":"product_tag","embeddable":true,"href":"https:\/\/www.nogometnizaotroke.com\/cs\/wp-json\/wp\/v2\/product_tag?post=17495"}],"curies":[{"name":"wp","href":"https:\/\/api.w.org\/{rel}","templated":true}]}}