{"id":17431,"date":"2024-09-20T09:09:56","date_gmt":"2024-09-20T09:09:56","guid":{"rendered":"https:\/\/www.nogometnionline.com\/?post_type=product&#038;p=17431"},"modified":"2024-09-20T09:10:01","modified_gmt":"2024-09-20T09:10:01","slug":"poceni-otroski-nogometni-dresi-kompleti-za-otroke-everton-tretji-2024-2025","status":"publish","type":"product","link":"https:\/\/www.nogometnizaotroke.com\/cs\/product\/poceni-otroski-nogometni-dresi-kompleti-za-otroke-everton-tretji-2024-2025\/","title":{"rendered":"Levn\u00e9 d\u011btsk\u00e9 fotbalov\u00e9 dresy Soupravy pro d\u011bti Everton Third 2024-2025"},"content":{"rendered":"<p>Tretji dres Castore Everton 2024-25 ima novo barvo \u2013 svetlo limonasta in \u010drna. Ovratnik in man\u0161ete imajo \u010dudovite zlate obrobe.Tretji dres nogometnega kluba Everton za sezono 2024\u201325 ima barvo, ki jo je navdihnila bejzbolska tekma, ki je bila 23. oktobra 1924 v znamenitem Evertonovem Goodison Parku. Takrat so igralci stopili na znamenito igri\u0161\u010de stadiona, ko je Goodison Park postal Goodison Ballpark.Sprednji del Evertonovega novega tretjega dresa 24-25 ima ne\u017ene \u010drte. Na levem prsnem ko\u0161u je grb Evertona v spremenjeni barvi.<\/p>\n<p>Tipy pro pono\u017eky: tri\u010dko standardn\u011b neobsahuje pono\u017eky. Pokud chcete pono\u017eky, vyberte mo\u017enosti pono\u017eek a zapla\u0165te za n\u011b.<\/p>\n<p>Tip pro tisk: Pokud jsou jm\u00e9no a \u010d\u00edslo na obr\u00e1zku p\u0159esn\u011b takov\u00e9, jak\u00e9 chcete, nemus\u00edte je zad\u00e1vat znovu. Pokud tomu tak nen\u00ed, zadejte po\u017eadovan\u00e9 jm\u00e9no a \u010d\u00edslo.<\/p>\n<p>Tip na pran\u00ed: Fotbalov\u00e9 dresy se doporu\u010duje pr\u00e1t v ruce. Pokud chcete pou\u017e\u00edt pra\u010dku, nezapome\u0148te dres oto\u010dit a pot\u00e9 vyprat. A pra\u010dku napl\u0148te studenou vodou a pou\u017eijte \u0161etrn\u00fd prac\u00ed cyklus, abyste v\u00edce chr\u00e1nili barvy.<\/p>","protected":false},"excerpt":{"rendered":"<p>Tretji dres Castore Everton 2024-25 ima novo barvo \u2013 svetlo limonasta in \u010drna. Ovratnik in man\u0161ete imajo \u010dudovite zlate obrobe.Tretji dres nogometnega kluba Everton za sezono 2024\u201325 ima barvo, ki jo je navdihnila bejzbolska tekma, ki je bila 23. oktobra 1924 v znamenitem Evertonovem Goodison Parku. Takrat so igralci stopili na znamenito igri\u0161\u010de stadiona, ko [&hellip;]<\/p>","protected":false},"featured_media":17433,"comment_status":"open","ping_status":"closed","template":"","meta":[],"product_brand":[],"product_cat":[73,49],"product_tag":[1101,153,220,1102,159,1100,148,774,147],"class_list":{"0":"post-17431","1":"product","2":"type-product","3":"status-publish","4":"has-post-thumbnail","6":"product_cat-otroski","7":"product_cat-nogometni-dresi-everton","8":"product_tag-dresi-everton-za-otroke","9":"product_tag-nogometni-dresi","10":"product_tag-nogometni-dresi-za-otroke","11":"product_tag-otroski-dresi-everton-z-lastnim-imenom","12":"product_tag-otroski-nogometni-dresi","13":"product_tag-otroski-nogometni-dresi-everton","14":"product_tag-poceni-nogometni-dresi","15":"product_tag-poceni-otroski-nogometni-dresi-everton-z-lastnim-imenom","16":"product_tag-slovenski-nogometni-dresi","18":"first","19":"instock","20":"shipping-taxable","21":"purchasable","22":"product-type-variable"},"_links":{"self":[{"href":"https:\/\/www.nogometnizaotroke.com\/cs\/wp-json\/wp\/v2\/product\/17431","targetHints":{"allow":["GET"]}}],"collection":[{"href":"https:\/\/www.nogometnizaotroke.com\/cs\/wp-json\/wp\/v2\/product"}],"about":[{"href":"https:\/\/www.nogometnizaotroke.com\/cs\/wp-json\/wp\/v2\/types\/product"}],"replies":[{"embeddable":true,"href":"https:\/\/www.nogometnizaotroke.com\/cs\/wp-json\/wp\/v2\/comments?post=17431"}],"wp:featuredmedia":[{"embeddable":true,"href":"https:\/\/www.nogometnizaotroke.com\/cs\/wp-json\/wp\/v2\/media\/17433"}],"wp:attachment":[{"href":"https:\/\/www.nogometnizaotroke.com\/cs\/wp-json\/wp\/v2\/media?parent=17431"}],"wp:term":[{"taxonomy":"product_brand","embeddable":true,"href":"https:\/\/www.nogometnizaotroke.com\/cs\/wp-json\/wp\/v2\/product_brand?post=17431"},{"taxonomy":"product_cat","embeddable":true,"href":"https:\/\/www.nogometnizaotroke.com\/cs\/wp-json\/wp\/v2\/product_cat?post=17431"},{"taxonomy":"product_tag","embeddable":true,"href":"https:\/\/www.nogometnizaotroke.com\/cs\/wp-json\/wp\/v2\/product_tag?post=17431"}],"curies":[{"name":"wp","href":"https:\/\/api.w.org\/{rel}","templated":true}]}}