{"id":17337,"date":"2024-09-17T07:46:16","date_gmt":"2024-09-17T07:46:16","guid":{"rendered":"https:\/\/www.nogometnionline.com\/?post_type=product&#038;p=17337"},"modified":"2024-09-18T13:14:48","modified_gmt":"2024-09-18T13:14:48","slug":"otroski-nogometni-dresi-kompleti-za-otroke-liverpool-tretji-2024-2025","status":"publish","type":"product","link":"https:\/\/www.nogometnizaotroke.com\/cs\/product\/otroski-nogometni-dresi-kompleti-za-otroke-liverpool-tretji-2024-2025\/","title":{"rendered":"D\u011btsk\u00e9 fotbalov\u00e9 dresy Soupravy pro d\u011bti Liverpool Third 2024-2025"},"content":{"rendered":"<p>Nejv\u00fdrazn\u011bj\u0161\u00edm prvkem t\u0159et\u00edho dresu Liverpool FC 2024\/25 je v\u00fdrazn\u00fd svisl\u00fd dvojit\u00fd znak Swoosh, kter\u00fd se t\u00e1hne p\u0159es dres, \u0161ortky i \u0161tulpny. Tento jedine\u010dn\u00fd designov\u00fd prvek, inspirovan\u00fd k\u0159\u00eddlem \u0159eck\u00e9 bohyn\u011b, symbolizuje rychlost, pohyb, s\u00edlu a motivaci. T\u00edmto inovativn\u00edm detailem, kter\u00fd podtrhuje z\u00e1vazek klubu k rovnosti pohlav\u00ed ve fotbale, budou vybaveny jak mu\u017esk\u00e9, tak \u017eensk\u00e9 t\u00fdmy.<br \/>\nOblikovanje nove majice LFC, ki je \u010drpa navdih iz \u017eivahne punk scene v Liverpoolu, je opisano kot &#8220;uporni\u0161ko.&#8221; Ima drzen vzorec, ki zdru\u017euje ikoni\u010dne barve kluba z elementi, ki \u010dastijo mestne neustra\u0161ne punk umetnice, ki so uvedle nov zvok, kjer Reka Mersey se sre\u010da z Irskim morjem. Vklju\u010ditev pti\u010djega perja Liver v vzorec dodatno povezuje dizajn z identiteto kluba.Prete\u017eno bela tretja garnitura Liverpool 24\/25 je poudarjena s \u010distimi platinastimi detajli, medtem ko prebliski klubske tradicionalne rde\u010de in krom rumene barve dopolnjujejo videz. \u010crne kratke hla\u010de in bele nogavice dopolnjujejo dres ter ustvarjajo skladen in vpadljiv ansambel. Osredoto\u010dil se je tudi na izbolj\u0161anje udobja in prileganja kompleta, kar zagotavlja optimalno zmogljivost za igralce.<\/p>\n<p>Tipy pro pono\u017eky: tri\u010dko standardn\u011b neobsahuje pono\u017eky. Pokud chcete pono\u017eky, vyberte mo\u017enosti pono\u017eek a zapla\u0165te za n\u011b.<\/p>\n<p>Tip pro tisk: Pokud jsou jm\u00e9no a \u010d\u00edslo na obr\u00e1zku p\u0159esn\u011b takov\u00e9, jak\u00e9 chcete, nemus\u00edte je zad\u00e1vat znovu. Pokud tomu tak nen\u00ed, zadejte po\u017eadovan\u00e9 jm\u00e9no a \u010d\u00edslo.<\/p>\n<p>Tip na pran\u00ed: Fotbalov\u00e9 dresy se doporu\u010duje pr\u00e1t v ruce. Pokud chcete pou\u017e\u00edt pra\u010dku, nezapome\u0148te dres oto\u010dit a pot\u00e9 vyprat. A pra\u010dku napl\u0148te studenou vodou a pou\u017eijte \u0161etrn\u00fd prac\u00ed cyklus, abyste v\u00edce chr\u00e1nili barvy.<\/p>","protected":false},"excerpt":{"rendered":"<p>Najbolj presenetljiva zna\u010dilnost Liverpool FC 2024\/25 Tretji dresi je izrazit navpi\u010dni dvojni Swoosh, ki se razteza \u010dez dres, kratke hla\u010de in nogavice. Ta edinstven oblikovalski element, ki ga je navdihnilo krilo gr\u0161ke boginje, simbolizira hitrost, gibanje, mo\u010d in motivacijo. Tako mo\u0161ka kot \u017eenska ekipa bosta opremljeni s tem inovativnim detajlom, ki poudarja zavezanost kluba enakosti [&hellip;]<\/p>","protected":false},"featured_media":17339,"comment_status":"open","ping_status":"closed","template":"","meta":[],"product_brand":[],"product_cat":[73,39],"product_tag":[876,837,875,284,159,148,295,147],"class_list":{"0":"post-17337","1":"product","2":"type-product","3":"status-publish","4":"has-post-thumbnail","6":"product_cat-otroski","7":"product_cat-nogometni-dresi-liverpool","8":"product_tag-dresi-liverpool-za-otroski","9":"product_tag-dresi-za-nogomet","10":"product_tag-liverpool-dresi-2024","11":"product_tag-otroski-dresi-liverpool-z-lastnim-imenom","12":"product_tag-otroski-nogometni-dresi","13":"product_tag-poceni-nogometni-dresi","14":"product_tag-poceni-nogometni-dresi-liverpool-z-lastnim-imenom-online","15":"product_tag-slovenski-nogometni-dresi","17":"first","18":"instock","19":"shipping-taxable","20":"purchasable","21":"product-type-variable"},"_links":{"self":[{"href":"https:\/\/www.nogometnizaotroke.com\/cs\/wp-json\/wp\/v2\/product\/17337","targetHints":{"allow":["GET"]}}],"collection":[{"href":"https:\/\/www.nogometnizaotroke.com\/cs\/wp-json\/wp\/v2\/product"}],"about":[{"href":"https:\/\/www.nogometnizaotroke.com\/cs\/wp-json\/wp\/v2\/types\/product"}],"replies":[{"embeddable":true,"href":"https:\/\/www.nogometnizaotroke.com\/cs\/wp-json\/wp\/v2\/comments?post=17337"}],"wp:featuredmedia":[{"embeddable":true,"href":"https:\/\/www.nogometnizaotroke.com\/cs\/wp-json\/wp\/v2\/media\/17339"}],"wp:attachment":[{"href":"https:\/\/www.nogometnizaotroke.com\/cs\/wp-json\/wp\/v2\/media?parent=17337"}],"wp:term":[{"taxonomy":"product_brand","embeddable":true,"href":"https:\/\/www.nogometnizaotroke.com\/cs\/wp-json\/wp\/v2\/product_brand?post=17337"},{"taxonomy":"product_cat","embeddable":true,"href":"https:\/\/www.nogometnizaotroke.com\/cs\/wp-json\/wp\/v2\/product_cat?post=17337"},{"taxonomy":"product_tag","embeddable":true,"href":"https:\/\/www.nogometnizaotroke.com\/cs\/wp-json\/wp\/v2\/product_tag?post=17337"}],"curies":[{"name":"wp","href":"https:\/\/api.w.org\/{rel}","templated":true}]}}