{"id":17063,"date":"2024-09-10T07:49:42","date_gmt":"2024-09-10T07:49:42","guid":{"rendered":"https:\/\/www.nogometnionline.com\/?post_type=product&#038;p=17063"},"modified":"2024-09-10T07:49:47","modified_gmt":"2024-09-10T07:49:47","slug":"moski-nogometni-dresi-kompleti-reprezentance-anglija-gostujoci-euro-2024-phil-foden-7","status":"publish","type":"product","link":"https:\/\/www.nogometnizaotroke.com\/cs\/product\/moski-nogometni-dresi-kompleti-reprezentance-anglija-gostujoci-euro-2024-phil-foden-7\/","title":{"rendered":"P\u00e1nsk\u00e9 fotbalov\u00e9 soupravy England - venkovn\u00ed soupravy Euro 2024 Phil Foden 7"},"content":{"rendered":"<p>V\u00fdjezdn\u00ed dres Anglie 2024\/25 p\u0159edstavuje odv\u00e1\u017en\u00fd p\u0159\u00edstup, kter\u00fd se vyzna\u010duje nov\u00fdm pojet\u00edm ikonick\u00fdch souprav n\u00e1rodn\u00edho t\u00fdmu s osv\u011b\u017euj\u00edc\u00edm n\u00e1dechem. Na rozd\u00edl od tradi\u010dn\u00edch norem zdob\u00ed venkovn\u00ed dres poutav\u00fd odst\u00edn fialov\u00e9, kter\u00fd symbolizuje mladistv\u00e9ho a energick\u00e9ho ducha, jen\u017e prostupuje h\u0159i\u0161t\u011bm i mimo n\u011bj.<\/p>\n<p>Tipy pro pono\u017eky: tri\u010dko standardn\u011b neobsahuje pono\u017eky. Pokud chcete pono\u017eky, vyberte mo\u017enosti pono\u017eek a zapla\u0165te za n\u011b.<\/p>\n<p>Tip pro tisk: Pokud jsou jm\u00e9no a \u010d\u00edslo na obr\u00e1zku p\u0159esn\u011b takov\u00e9, jak\u00e9 chcete, nemus\u00edte je zad\u00e1vat znovu. Pokud tomu tak nen\u00ed, zadejte po\u017eadovan\u00e9 jm\u00e9no a \u010d\u00edslo.<\/p>\n<p>Tip na pran\u00ed: Fotbalov\u00e9 dresy se doporu\u010duje pr\u00e1t v ruce. Pokud chcete pou\u017e\u00edt pra\u010dku, nezapome\u0148te dres oto\u010dit a pot\u00e9 vyprat. A pra\u010dku napl\u0148te studenou vodou a pou\u017eijte \u0161etrn\u00fd prac\u00ed cyklus, abyste v\u00edce chr\u00e1nili barvy.<\/p>","protected":false},"excerpt":{"rendered":"<p>Gostujo\u010di dres Anglije 2024\/25 ima drzen pristop s preoblikovanjem ikoni\u010dnih reprezentan\u010dnih kompletov z osve\u017eujo\u010dim pridihom. Za razliko od tradicionalnih norm je majica za goste okra\u0161ena v privla\u010dnem vijoli\u010dnem odtenku, ki simbolizira mladosten in energi\u010den duh, ki pre\u017eema tako na igri\u0161\u010du kot izven njega. Nasveti za nogavice: Majica ne vsebuje nogavic privzeto. \u010ce \u017eelite nogavice, izberite [&hellip;]<\/p>","protected":false},"featured_media":17065,"comment_status":"open","ping_status":"closed","template":"","meta":[],"product_brand":[],"product_cat":[778,140,79],"product_tag":[785,150,153,1318,898,148,147],"class_list":{"0":"post-17063","1":"product","2":"type-product","3":"status-publish","4":"has-post-thumbnail","6":"product_cat-euro-2024","7":"product_cat-moski","8":"product_cat-dresi-anglija-reprezentance","9":"product_tag-anglija-euro-2024-dresi","10":"product_tag-moski-nogometni-dresi","11":"product_tag-nogometni-dresi","12":"product_tag-nogometni-dresi-za-nogomet","13":"product_tag-phil-foden-dresi","14":"product_tag-poceni-nogometni-dresi","15":"product_tag-slovenski-nogometni-dresi","17":"first","18":"instock","19":"shipping-taxable","20":"purchasable","21":"product-type-variable"},"_links":{"self":[{"href":"https:\/\/www.nogometnizaotroke.com\/cs\/wp-json\/wp\/v2\/product\/17063","targetHints":{"allow":["GET"]}}],"collection":[{"href":"https:\/\/www.nogometnizaotroke.com\/cs\/wp-json\/wp\/v2\/product"}],"about":[{"href":"https:\/\/www.nogometnizaotroke.com\/cs\/wp-json\/wp\/v2\/types\/product"}],"replies":[{"embeddable":true,"href":"https:\/\/www.nogometnizaotroke.com\/cs\/wp-json\/wp\/v2\/comments?post=17063"}],"wp:featuredmedia":[{"embeddable":true,"href":"https:\/\/www.nogometnizaotroke.com\/cs\/wp-json\/wp\/v2\/media\/17065"}],"wp:attachment":[{"href":"https:\/\/www.nogometnizaotroke.com\/cs\/wp-json\/wp\/v2\/media?parent=17063"}],"wp:term":[{"taxonomy":"product_brand","embeddable":true,"href":"https:\/\/www.nogometnizaotroke.com\/cs\/wp-json\/wp\/v2\/product_brand?post=17063"},{"taxonomy":"product_cat","embeddable":true,"href":"https:\/\/www.nogometnizaotroke.com\/cs\/wp-json\/wp\/v2\/product_cat?post=17063"},{"taxonomy":"product_tag","embeddable":true,"href":"https:\/\/www.nogometnizaotroke.com\/cs\/wp-json\/wp\/v2\/product_tag?post=17063"}],"curies":[{"name":"wp","href":"https:\/\/api.w.org\/{rel}","templated":true}]}}