{"id":16887,"date":"2024-09-06T03:56:34","date_gmt":"2024-09-06T03:56:34","guid":{"rendered":"https:\/\/www.nogometnionline.com\/?post_type=product&#038;p=16887"},"modified":"2024-09-06T03:56:39","modified_gmt":"2024-09-06T03:56:39","slug":"poceni-moski-nogometni-dresi-wolves-domaci-2024-25-z-lastnim-imenom-online","status":"publish","type":"product","link":"https:\/\/www.nogometnizaotroke.com\/cs\/product\/poceni-moski-nogometni-dresi-wolves-domaci-2024-25-z-lastnim-imenom-online\/","title":{"rendered":"Poceni Mo\u0161ki Nogometni dresi Wolves Doma\u010di 2024-25 z lastnim imenom online"},"content":{"rendered":"<p>Komplet Nogometnih dresov Wolves Doma\u010di 2024-25 SUDU se pona\u0161a z atletskim krojem in o\u010darljivim detajlom teksture \u017eakarda, ki je zasnovan tako, da pritegne pozornost, kjer koli se pojavi. Ikoni\u010dna podlaga iz starega zlata, okra\u0161ena z grbom kluba, je poklon slavni dedi\u0161\u010dini Wolves.<\/p>\n<p>Tipy pro pono\u017eky: tri\u010dko standardn\u011b neobsahuje pono\u017eky. Pokud chcete pono\u017eky, vyberte mo\u017enosti pono\u017eek a zapla\u0165te za n\u011b.<\/p>\n<p>Tip pro tisk: Pokud jsou jm\u00e9no a \u010d\u00edslo na obr\u00e1zku p\u0159esn\u011b takov\u00e9, jak\u00e9 chcete, nemus\u00edte je zad\u00e1vat znovu. Pokud tomu tak nen\u00ed, zadejte po\u017eadovan\u00e9 jm\u00e9no a \u010d\u00edslo.<\/p>\n<p>Tip na pran\u00ed: Fotbalov\u00e9 dresy se doporu\u010duje pr\u00e1t v ruce. Pokud chcete pou\u017e\u00edt pra\u010dku, nezapome\u0148te dres oto\u010dit a pot\u00e9 vyprat. A pra\u010dku napl\u0148te studenou vodou a pou\u017eijte \u0161etrn\u00fd prac\u00ed cyklus, abyste v\u00edce chr\u00e1nili barvy.<\/p>","protected":false},"excerpt":{"rendered":"<p>Komplet Nogometnih dresov Wolves Doma\u010di 2024-25 SUDU se pona\u0161a z atletskim krojem in o\u010darljivim detajlom teksture \u017eakarda, ki je zasnovan tako, da pritegne pozornost, kjer koli se pojavi. Ikoni\u010dna podlaga iz starega zlata, okra\u0161ena z grbom kluba, je poklon slavni dedi\u0161\u010dini Wolves. Nasveti za nogavice: Majica ne vsebuje nogavic privzeto. \u010ce \u017eelite nogavice, izberite mo\u017enosti [&hellip;]<\/p>","protected":false},"featured_media":16878,"comment_status":"open","ping_status":"closed","template":"","meta":[],"product_brand":[],"product_cat":[140,67],"product_tag":[1116,153,686,1117,684,159,685,148,147],"class_list":{"0":"post-16887","1":"product","2":"type-product","3":"status-publish","4":"has-post-thumbnail","6":"product_cat-moski","7":"product_cat-nogometni-dresi-wolves","8":"product_tag-dresi-wolves-za-otroke","9":"product_tag-nogometni-dresi","10":"product_tag-nogometni-dresi-wolves-z-lastnim-imenom","11":"product_tag-otroski-dresi-wolves-z-lastnim-imenom","12":"product_tag-otroski-dresi-za-nogomet","13":"product_tag-otroski-nogometni-dresi","14":"product_tag-otroski-nogometni-dresi-wolves","15":"product_tag-poceni-nogometni-dresi","16":"product_tag-slovenski-nogometni-dresi","18":"first","19":"instock","20":"shipping-taxable","21":"purchasable","22":"product-type-variable"},"_links":{"self":[{"href":"https:\/\/www.nogometnizaotroke.com\/cs\/wp-json\/wp\/v2\/product\/16887","targetHints":{"allow":["GET"]}}],"collection":[{"href":"https:\/\/www.nogometnizaotroke.com\/cs\/wp-json\/wp\/v2\/product"}],"about":[{"href":"https:\/\/www.nogometnizaotroke.com\/cs\/wp-json\/wp\/v2\/types\/product"}],"replies":[{"embeddable":true,"href":"https:\/\/www.nogometnizaotroke.com\/cs\/wp-json\/wp\/v2\/comments?post=16887"}],"wp:featuredmedia":[{"embeddable":true,"href":"https:\/\/www.nogometnizaotroke.com\/cs\/wp-json\/wp\/v2\/media\/16878"}],"wp:attachment":[{"href":"https:\/\/www.nogometnizaotroke.com\/cs\/wp-json\/wp\/v2\/media?parent=16887"}],"wp:term":[{"taxonomy":"product_brand","embeddable":true,"href":"https:\/\/www.nogometnizaotroke.com\/cs\/wp-json\/wp\/v2\/product_brand?post=16887"},{"taxonomy":"product_cat","embeddable":true,"href":"https:\/\/www.nogometnizaotroke.com\/cs\/wp-json\/wp\/v2\/product_cat?post=16887"},{"taxonomy":"product_tag","embeddable":true,"href":"https:\/\/www.nogometnizaotroke.com\/cs\/wp-json\/wp\/v2\/product_tag?post=16887"}],"curies":[{"name":"wp","href":"https:\/\/api.w.org\/{rel}","templated":true}]}}