{"id":16668,"date":"2024-09-02T07:34:22","date_gmt":"2024-09-02T07:34:22","guid":{"rendered":"https:\/\/www.nogometnionline.com\/?post_type=product&#038;p=16668"},"modified":"2024-09-02T07:34:26","modified_gmt":"2024-09-02T07:34:26","slug":"poceni-moski-nogometni-dresi-valencia-domaci-2024-25-z-lastnim-imenom-online","status":"publish","type":"product","link":"https:\/\/www.nogometnizaotroke.com\/cs\/product\/poceni-moski-nogometni-dresi-valencia-domaci-2024-25-z-lastnim-imenom-online\/","title":{"rendered":"Levn\u00e9 p\u00e1nsk\u00e9 fotbalov\u00e9 dresy Valencia Homemade 2024-25 s vlastn\u00edm jm\u00e9nem online"},"content":{"rendered":"<p>Dizajn majice Valencia CF 24\/25 je zlitje retro elementov in sodobne tehnologije. Vsebuje ikoni\u010dne \u010drne rokave iz kompleta sezone 2003\/04, posodobljene z vrhunskimi zlatimi logotipi in vrhunskimi detajli v po\u010dastitev 20. obletnice zmagovitega Tripleta.Dres je me\u0161anica \u010drne in bele barve, ki jo poudarjajo zlati detajli, kot je klubski grb, ki simbolizira uspeh te nepozabne sezone. Motiv netopirja je vidno prikazan na zadnji strani ovratnika.<\/p>\n<p>Tipy pro pono\u017eky: tri\u010dko standardn\u011b neobsahuje pono\u017eky. Pokud chcete pono\u017eky, vyberte mo\u017enosti pono\u017eek a zapla\u0165te za n\u011b.<\/p>\n<p>Tip pro tisk: Pokud jsou jm\u00e9no a \u010d\u00edslo na obr\u00e1zku p\u0159esn\u011b takov\u00e9, jak\u00e9 chcete, nemus\u00edte je zad\u00e1vat znovu. Pokud tomu tak nen\u00ed, zadejte po\u017eadovan\u00e9 jm\u00e9no a \u010d\u00edslo.<\/p>\n<p>Tip na pran\u00ed: Fotbalov\u00e9 dresy se doporu\u010duje pr\u00e1t v ruce. Pokud chcete pou\u017e\u00edt pra\u010dku, nezapome\u0148te dres oto\u010dit a pot\u00e9 vyprat. A pra\u010dku napl\u0148te studenou vodou a pou\u017eijte \u0161etrn\u00fd prac\u00ed cyklus, abyste v\u00edce chr\u00e1nili barvy.<\/p>","protected":false},"excerpt":{"rendered":"<p>Dizajn majice Valencia CF 24\/25 je zlitje retro elementov in sodobne tehnologije. Vsebuje ikoni\u010dne \u010drne rokave iz kompleta sezone 2003\/04, posodobljene z vrhunskimi zlatimi logotipi in vrhunskimi detajli v po\u010dastitev 20. obletnice zmagovitega Tripleta.Dres je me\u0161anica \u010drne in bele barve, ki jo poudarjajo zlati detajli, kot je klubski grb, ki simbolizira uspeh te nepozabne sezone. [&hellip;]<\/p>","protected":false},"featured_media":16670,"comment_status":"open","ping_status":"closed","template":"","meta":[],"product_brand":[],"product_cat":[140,56],"product_tag":[1253,837,1254,1255,1256,148,1257,147,1252],"class_list":{"0":"post-16668","1":"product","2":"type-product","3":"status-publish","4":"has-post-thumbnail","6":"product_cat-moski","7":"product_cat-nogometni-dresi-valencia","8":"product_tag-dresi-valencia-za-otroke","9":"product_tag-dresi-za-nogomet","10":"product_tag-nogometni-dresi-valencia-prodaja","11":"product_tag-nogometni-dresi-valencia-z-lastnim-imenom","12":"product_tag-nogometni-dresi-valencia-z-lastnim-tiskom","13":"product_tag-poceni-nogometni-dresi","14":"product_tag-poceni-nogometni-dresi-valencia","15":"product_tag-slovenski-nogometni-dresi","16":"product_tag-valencia-dresi-2024","18":"first","19":"instock","20":"shipping-taxable","21":"purchasable","22":"product-type-variable"},"_links":{"self":[{"href":"https:\/\/www.nogometnizaotroke.com\/cs\/wp-json\/wp\/v2\/product\/16668","targetHints":{"allow":["GET"]}}],"collection":[{"href":"https:\/\/www.nogometnizaotroke.com\/cs\/wp-json\/wp\/v2\/product"}],"about":[{"href":"https:\/\/www.nogometnizaotroke.com\/cs\/wp-json\/wp\/v2\/types\/product"}],"replies":[{"embeddable":true,"href":"https:\/\/www.nogometnizaotroke.com\/cs\/wp-json\/wp\/v2\/comments?post=16668"}],"wp:featuredmedia":[{"embeddable":true,"href":"https:\/\/www.nogometnizaotroke.com\/cs\/wp-json\/wp\/v2\/media\/16670"}],"wp:attachment":[{"href":"https:\/\/www.nogometnizaotroke.com\/cs\/wp-json\/wp\/v2\/media?parent=16668"}],"wp:term":[{"taxonomy":"product_brand","embeddable":true,"href":"https:\/\/www.nogometnizaotroke.com\/cs\/wp-json\/wp\/v2\/product_brand?post=16668"},{"taxonomy":"product_cat","embeddable":true,"href":"https:\/\/www.nogometnizaotroke.com\/cs\/wp-json\/wp\/v2\/product_cat?post=16668"},{"taxonomy":"product_tag","embeddable":true,"href":"https:\/\/www.nogometnizaotroke.com\/cs\/wp-json\/wp\/v2\/product_tag?post=16668"}],"curies":[{"name":"wp","href":"https:\/\/api.w.org\/{rel}","templated":true}]}}