{"id":16270,"date":"2024-08-23T08:57:10","date_gmt":"2024-08-23T08:57:10","guid":{"rendered":"https:\/\/www.nogometnionline.com\/?post_type=product&#038;p=16270"},"modified":"2024-08-23T08:57:14","modified_gmt":"2024-08-23T08:57:14","slug":"moski-nogometni-dresi-rb-leipzig-domaci-2024-25-bela-rdeca-kurzarm","status":"publish","type":"product","link":"https:\/\/www.nogometnizaotroke.com\/cs\/product\/moski-nogometni-dresi-rb-leipzig-domaci-2024-25-bela-rdeca-kurzarm\/","title":{"rendered":"P\u00e1nsk\u00e9 fotbalov\u00e9 dresy RB Leipzig Home 2024-25 white red Kurzarm"},"content":{"rendered":"<p>Dres RB Leipzig 2024-2025 ima sodoben dizajn v beli in rde\u010di klubski barvi. Kar \u0161e posebej odlikuje dres RB Leipzig 2024-2025, je dizajn na sprednji strani.44.Dres RB Leipzig 24-25 ima edinstveno rde\u010do grafi\u010dno podobo. Vzorec se zgleduje po Univerzi v Leipzigu.Tako ovratnik kot man\u0161ete doma\u010dega dresa RasenBallsport Leipzig 24-25 so rde\u010de barve.<\/p>\n<p>Tipy pro pono\u017eky: tri\u010dko standardn\u011b neobsahuje pono\u017eky. Pokud chcete pono\u017eky, vyberte mo\u017enosti pono\u017eek a zapla\u0165te za n\u011b.<\/p>\n<p>Tip pro tisk: Pokud jsou jm\u00e9no a \u010d\u00edslo na obr\u00e1zku p\u0159esn\u011b takov\u00e9, jak\u00e9 chcete, nemus\u00edte je zad\u00e1vat znovu. Pokud tomu tak nen\u00ed, zadejte po\u017eadovan\u00e9 jm\u00e9no a \u010d\u00edslo.<\/p>\n<p>Tip na pran\u00ed: Fotbalov\u00e9 dresy se doporu\u010duje pr\u00e1t v ruce. Pokud chcete pou\u017e\u00edt pra\u010dku, nezapome\u0148te dres oto\u010dit a pot\u00e9 vyprat. A pra\u010dku napl\u0148te studenou vodou a pou\u017eijte \u0161etrn\u00fd prac\u00ed cyklus, abyste v\u00edce chr\u00e1nili barvy.<\/p>","protected":false},"excerpt":{"rendered":"<p>Dres RB Leipzig 2024-2025 ima sodoben dizajn v beli in rde\u010di klubski barvi. Kar \u0161e posebej odlikuje dres RB Leipzig 2024-2025, je dizajn na sprednji strani.44.Dres RB Leipzig 24-25 ima edinstveno rde\u010do grafi\u010dno podobo. Vzorec se zgleduje po Univerzi v Leipzigu.Tako ovratnik kot man\u0161ete doma\u010dega dresa RasenBallsport Leipzig 24-25 so rde\u010de barve. Nasveti za nogavice: [&hellip;]<\/p>","protected":false},"featured_media":16272,"comment_status":"open","ping_status":"closed","template":"","meta":[],"product_brand":[],"product_cat":[140,62],"product_tag":[153,555,1193,554,545,159,148,1192,199],"class_list":{"0":"post-16270","1":"product","2":"type-product","3":"status-publish","4":"has-post-thumbnail","6":"product_cat-moski","7":"product_cat-nogometni-dresi-rb-leipzig","8":"product_tag-nogometni-dresi","9":"product_tag-nogometni-dresi-rb-leipzig-prodaja","10":"product_tag-nogometni-dresi-rb-leipzig-z-lastnim-imenom","11":"product_tag-nogometni-dresi-rb-leipzig-z-lastnim-tiskom","12":"product_tag-nogometni-dresi-slovenija","13":"product_tag-otroski-nogometni-dresi","14":"product_tag-poceni-nogometni-dresi","15":"product_tag-poceni-nogometni-dresi-rb-leipzig","16":"product_tag-poceni-nogometni-dresi-rb-leipzig-z-lastnim-imenom-online","18":"first","19":"instock","20":"shipping-taxable","21":"purchasable","22":"product-type-variable"},"_links":{"self":[{"href":"https:\/\/www.nogometnizaotroke.com\/cs\/wp-json\/wp\/v2\/product\/16270","targetHints":{"allow":["GET"]}}],"collection":[{"href":"https:\/\/www.nogometnizaotroke.com\/cs\/wp-json\/wp\/v2\/product"}],"about":[{"href":"https:\/\/www.nogometnizaotroke.com\/cs\/wp-json\/wp\/v2\/types\/product"}],"replies":[{"embeddable":true,"href":"https:\/\/www.nogometnizaotroke.com\/cs\/wp-json\/wp\/v2\/comments?post=16270"}],"wp:featuredmedia":[{"embeddable":true,"href":"https:\/\/www.nogometnizaotroke.com\/cs\/wp-json\/wp\/v2\/media\/16272"}],"wp:attachment":[{"href":"https:\/\/www.nogometnizaotroke.com\/cs\/wp-json\/wp\/v2\/media?parent=16270"}],"wp:term":[{"taxonomy":"product_brand","embeddable":true,"href":"https:\/\/www.nogometnizaotroke.com\/cs\/wp-json\/wp\/v2\/product_brand?post=16270"},{"taxonomy":"product_cat","embeddable":true,"href":"https:\/\/www.nogometnizaotroke.com\/cs\/wp-json\/wp\/v2\/product_cat?post=16270"},{"taxonomy":"product_tag","embeddable":true,"href":"https:\/\/www.nogometnizaotroke.com\/cs\/wp-json\/wp\/v2\/product_tag?post=16270"}],"curies":[{"name":"wp","href":"https:\/\/api.w.org\/{rel}","templated":true}]}}