{"id":15911,"date":"2024-08-16T08:34:54","date_gmt":"2024-08-16T08:34:54","guid":{"rendered":"https:\/\/www.nogometnionline.com\/?post_type=product&#038;p=15911"},"modified":"2024-08-16T08:34:59","modified_gmt":"2024-08-16T08:34:59","slug":"moski-nogometni-dresi-diskont-manchester-united-domaci-2024-25-donny-van-de-beek-34","status":"publish","type":"product","link":"https:\/\/www.nogometnizaotroke.com\/cs\/product\/moski-nogometni-dresi-diskont-manchester-united-domaci-2024-25-donny-van-de-beek-34\/","title":{"rendered":"P\u00e1nsk\u00e9 dresy Manchester United Home 2024-25 Donny van de Beek 34 se slevou"},"content":{"rendered":"<p>Majica za doma\u010di nogomet Manchester United FC 24-25 zdru\u017euje dva odtenka rde\u010de v gradientnem dizajnu. Ni prvi\u010d, da dres Manchester United zdru\u017euje dva odtenka rde\u010de. Nazadnje je bilo tako v sezoni 2016\/17.Prefinjena, a najbolj posebna zna\u010dilnost doma\u010dega dresa Manchester United 24-25 je prefinjen gradientni dizajn rde\u010de-na-rde\u010de.Kar zadeva predlogo, doma\u010di dres Manchester United 24-25 temelji na novi predlogi Miro 24.<\/p>\n<p>Tipy pro pono\u017eky: tri\u010dko standardn\u011b neobsahuje pono\u017eky. Pokud chcete pono\u017eky, vyberte mo\u017enosti pono\u017eek a zapla\u0165te za n\u011b.<\/p>\n<p>Tip pro tisk: Pokud jsou jm\u00e9no a \u010d\u00edslo na obr\u00e1zku p\u0159esn\u011b takov\u00e9, jak\u00e9 chcete, nemus\u00edte je zad\u00e1vat znovu. Pokud tomu tak nen\u00ed, zadejte po\u017eadovan\u00e9 jm\u00e9no a \u010d\u00edslo.<\/p>\n<p>Tip na pran\u00ed: Fotbalov\u00e9 dresy se doporu\u010duje pr\u00e1t v ruce. Pokud chcete pou\u017e\u00edt pra\u010dku, nezapome\u0148te dres oto\u010dit a pot\u00e9 vyprat. A pra\u010dku napl\u0148te studenou vodou a pou\u017eijte \u0161etrn\u00fd prac\u00ed cyklus, abyste v\u00edce chr\u00e1nili barvy.<\/p>","protected":false},"excerpt":{"rendered":"<p>Majica za doma\u010di nogomet Manchester United FC 24-25 zdru\u017euje dva odtenka rde\u010de v gradientnem dizajnu. Ni prvi\u010d, da dres Manchester United zdru\u017euje dva odtenka rde\u010de. Nazadnje je bilo tako v sezoni 2016\/17.Prefinjena, a najbolj posebna zna\u010dilnost doma\u010dega dresa Manchester United 24-25 je prefinjen gradientni dizajn rde\u010de-na-rde\u010de.Kar zadeva predlogo, doma\u010di dres Manchester United 24-25 temelji na [&hellip;]<\/p>","protected":false},"featured_media":15913,"comment_status":"open","ping_status":"closed","template":"","meta":[],"product_brand":[],"product_cat":[140,35],"product_tag":[1166,611,1083,835,148,1082,147],"class_list":{"0":"post-15911","1":"product","2":"type-product","3":"status-publish","4":"has-post-thumbnail","6":"product_cat-moski","7":"product_cat-nogometni-dresi-manchester-united","8":"product_tag-donny-van-de-beek-dresi","9":"product_tag-dresi-manchester-united-za-moski","10":"product_tag-nogometni-dresi-manchester-united-z-lastnim-imenom","11":"product_tag-poceni-moski-nogometni-dresi-manchester-united-z-lastnim-imenom","12":"product_tag-poceni-nogometni-dresi","13":"product_tag-poceni-nogometni-dresi-manchester-united","14":"product_tag-slovenski-nogometni-dresi","16":"first","17":"instock","18":"shipping-taxable","19":"purchasable","20":"product-type-variable"},"_links":{"self":[{"href":"https:\/\/www.nogometnizaotroke.com\/cs\/wp-json\/wp\/v2\/product\/15911","targetHints":{"allow":["GET"]}}],"collection":[{"href":"https:\/\/www.nogometnizaotroke.com\/cs\/wp-json\/wp\/v2\/product"}],"about":[{"href":"https:\/\/www.nogometnizaotroke.com\/cs\/wp-json\/wp\/v2\/types\/product"}],"replies":[{"embeddable":true,"href":"https:\/\/www.nogometnizaotroke.com\/cs\/wp-json\/wp\/v2\/comments?post=15911"}],"wp:featuredmedia":[{"embeddable":true,"href":"https:\/\/www.nogometnizaotroke.com\/cs\/wp-json\/wp\/v2\/media\/15913"}],"wp:attachment":[{"href":"https:\/\/www.nogometnizaotroke.com\/cs\/wp-json\/wp\/v2\/media?parent=15911"}],"wp:term":[{"taxonomy":"product_brand","embeddable":true,"href":"https:\/\/www.nogometnizaotroke.com\/cs\/wp-json\/wp\/v2\/product_brand?post=15911"},{"taxonomy":"product_cat","embeddable":true,"href":"https:\/\/www.nogometnizaotroke.com\/cs\/wp-json\/wp\/v2\/product_cat?post=15911"},{"taxonomy":"product_tag","embeddable":true,"href":"https:\/\/www.nogometnizaotroke.com\/cs\/wp-json\/wp\/v2\/product_tag?post=15911"}],"curies":[{"name":"wp","href":"https:\/\/api.w.org\/{rel}","templated":true}]}}