{"id":15348,"date":"2024-08-05T07:02:07","date_gmt":"2024-08-05T07:02:07","guid":{"rendered":"https:\/\/www.nogometnionline.com\/?post_type=product&#038;p=15348"},"modified":"2024-08-05T07:02:12","modified_gmt":"2024-08-05T07:02:12","slug":"nakup-otroski-nogometni-dresi-benfica-domaci-2024-25-rdeca-bela","status":"publish","type":"product","link":"https:\/\/www.nogometnizaotroke.com\/cs\/product\/nakup-otroski-nogometni-dresi-benfica-domaci-2024-25-rdeca-bela\/","title":{"rendered":"Nakup Otro\u0161ki Nogometni dresi Benfica Doma\u010di 2024-25 rde\u010da bela"},"content":{"rendered":"<p>Novi dres se poklanja bogati zgodovini kluba z vklju\u010ditvijo klasi\u010dne nogometne majice z Izrezom. Dizajn, ki ga navdihuje doma\u010di dres, ki so ga nosili v sezoni 1974\/75, ko je Benfica osvojila naslov v Primera Liga, vzbuja ob\u010dutek nostalgije.SL Benfica se je poglobila v korenine klubske dedi\u0161\u010dine, da bi razvila dres z zna\u010dilnim belim V-izrezom in grafiko, ki posnema \u010drko V.Srajca prikazuje \u017eivahen vzorec v rde\u010dih odtenkih, okra\u0161en s tonskimi V oblikami na sprednji strani. Novi logotip je izvezen na desni strani prsnega ko\u0161a, medtem ko je ikoni\u010dni emblem SL Benfice, okra\u0161en s tremi zvezdicami, ki predstavljajo vsakih deset osvojenih prvenstev kluba, name\u0161\u010den na levi strani.<\/p>\n<p>Tipy pro pono\u017eky: tri\u010dko standardn\u011b neobsahuje pono\u017eky. Pokud chcete pono\u017eky, vyberte mo\u017enosti pono\u017eek a zapla\u0165te za n\u011b.<\/p>\n<p>Tip pro tisk: Pokud jsou jm\u00e9no a \u010d\u00edslo na obr\u00e1zku p\u0159esn\u011b takov\u00e9, jak\u00e9 chcete, nemus\u00edte je zad\u00e1vat znovu. Pokud tomu tak nen\u00ed, zadejte po\u017eadovan\u00e9 jm\u00e9no a \u010d\u00edslo.<\/p>\n<p>Tip na pran\u00ed: Fotbalov\u00e9 dresy se doporu\u010duje pr\u00e1t v ruce. Pokud chcete pou\u017e\u00edt pra\u010dku, nezapome\u0148te dres oto\u010dit a pot\u00e9 vyprat. A pra\u010dku napl\u0148te studenou vodou a pou\u017eijte \u0161etrn\u00fd prac\u00ed cyklus, abyste v\u00edce chr\u00e1nili barvy.<\/p>","protected":false},"excerpt":{"rendered":"<p>Novi dres se poklanja bogati zgodovini kluba z vklju\u010ditvijo klasi\u010dne nogometne majice z Izrezom. Dizajn, ki ga navdihuje doma\u010di dres, ki so ga nosili v sezoni 1974\/75, ko je Benfica osvojila naslov v Primera Liga, vzbuja ob\u010dutek nostalgije.SL Benfica se je poglobila v korenine klubske dedi\u0161\u010dine, da bi razvila dres z zna\u010dilnim belim V-izrezom in [&hellip;]<\/p>","protected":false},"featured_media":15350,"comment_status":"open","ping_status":"closed","template":"","meta":[],"product_brand":[],"product_cat":[73,70],"product_tag":[524,526,1089,159,1088,525,148,147],"class_list":{"0":"post-15348","1":"product","2":"type-product","3":"status-publish","4":"has-post-thumbnail","6":"product_cat-otroski","7":"product_cat-nogometni-dresi-benfica","8":"product_tag-dresi-benfica-za-otroke","9":"product_tag-nogometni-dresi-benfica-za-otroke-z-lastnim-tiskom","10":"product_tag-otroski-dresi-benfica-z-lastnim-imenom","11":"product_tag-otroski-nogometni-dresi","12":"product_tag-otroski-nogometni-dresi-benfica","13":"product_tag-otroski-nogometni-dresi-benfica-z-lastnim-imenom","14":"product_tag-poceni-nogometni-dresi","15":"product_tag-slovenski-nogometni-dresi","17":"first","18":"instock","19":"shipping-taxable","20":"purchasable","21":"product-type-variable"},"_links":{"self":[{"href":"https:\/\/www.nogometnizaotroke.com\/cs\/wp-json\/wp\/v2\/product\/15348","targetHints":{"allow":["GET"]}}],"collection":[{"href":"https:\/\/www.nogometnizaotroke.com\/cs\/wp-json\/wp\/v2\/product"}],"about":[{"href":"https:\/\/www.nogometnizaotroke.com\/cs\/wp-json\/wp\/v2\/types\/product"}],"replies":[{"embeddable":true,"href":"https:\/\/www.nogometnizaotroke.com\/cs\/wp-json\/wp\/v2\/comments?post=15348"}],"wp:featuredmedia":[{"embeddable":true,"href":"https:\/\/www.nogometnizaotroke.com\/cs\/wp-json\/wp\/v2\/media\/15350"}],"wp:attachment":[{"href":"https:\/\/www.nogometnizaotroke.com\/cs\/wp-json\/wp\/v2\/media?parent=15348"}],"wp:term":[{"taxonomy":"product_brand","embeddable":true,"href":"https:\/\/www.nogometnizaotroke.com\/cs\/wp-json\/wp\/v2\/product_brand?post=15348"},{"taxonomy":"product_cat","embeddable":true,"href":"https:\/\/www.nogometnizaotroke.com\/cs\/wp-json\/wp\/v2\/product_cat?post=15348"},{"taxonomy":"product_tag","embeddable":true,"href":"https:\/\/www.nogometnizaotroke.com\/cs\/wp-json\/wp\/v2\/product_tag?post=15348"}],"curies":[{"name":"wp","href":"https:\/\/api.w.org\/{rel}","templated":true}]}}