{"id":15202,"date":"2024-08-02T03:13:28","date_gmt":"2024-08-02T03:13:28","guid":{"rendered":"https:\/\/www.nogometnionline.com\/?post_type=product&#038;p=15202"},"modified":"2024-08-02T03:13:33","modified_gmt":"2024-08-02T03:13:33","slug":"poceni-zenske-nogometnih-dresov-chelsea-domaci-2024-2025-modra","status":"publish","type":"product","link":"https:\/\/www.nogometnizaotroke.com\/cs\/product\/poceni-zenske-nogometnih-dresov-chelsea-domaci-2024-2025-modra\/","title":{"rendered":"Levn\u00e9 d\u00e1msk\u00e9 fotbalov\u00e9 dresy Chelsea Home 2024 2025 Blue"},"content":{"rendered":"<p>Dres Chelsea FC 2024-25 je prvi v zgodovini kluba, ki zdru\u017euje tradicionalno modro in belo-oran\u017eno barvo. Logotipi doma\u010de opreme Chelsea 24-25 so svetlo modri in obrobljeni z \u201cTeam Orange\u201d. Oba imata 3D u\u010dinek.Izstopa valovit dizajn, ki nekoliko spominja na u\u010dinek penastega vala.<\/p>\n<p>Tipy pro pono\u017eky: tri\u010dko standardn\u011b neobsahuje pono\u017eky. Pokud chcete pono\u017eky, vyberte mo\u017enosti pono\u017eek a zapla\u0165te za n\u011b.<\/p>\n<p>Tip pro tisk: Pokud jsou jm\u00e9no a \u010d\u00edslo na obr\u00e1zku p\u0159esn\u011b takov\u00e9, jak\u00e9 chcete, nemus\u00edte je zad\u00e1vat znovu. Pokud tomu tak nen\u00ed, zadejte po\u017eadovan\u00e9 jm\u00e9no a \u010d\u00edslo.<\/p>\n<p>Tip na pran\u00ed: Fotbalov\u00e9 dresy se doporu\u010duje pr\u00e1t v ruce. Pokud chcete pou\u017e\u00edt pra\u010dku, nezapome\u0148te dres oto\u010dit a pot\u00e9 vyprat. A pra\u010dku napl\u0148te studenou vodou a pou\u017eijte \u0161etrn\u00fd prac\u00ed cyklus, abyste v\u00edce chr\u00e1nili barvy.<\/p>","protected":false},"excerpt":{"rendered":"<p>Dres Chelsea FC 2024-25 je prvi v zgodovini kluba, ki zdru\u017euje tradicionalno modro in belo-oran\u017eno barvo. Logotipi doma\u010de opreme Chelsea 24-25 so svetlo modri in obrobljeni z \u201cTeam Orange\u201d. Oba imata 3D u\u010dinek.Izstopa valovit dizajn, ki nekoliko spominja na u\u010dinek penastega vala. Nasveti za nogavice: Majica ne vsebuje nogavic privzeto. \u010ce \u017eelite nogavice, izberite mo\u017enosti [&hellip;]<\/p>","protected":false},"featured_media":15204,"comment_status":"open","ping_status":"closed","template":"","meta":[],"product_brand":[],"product_cat":[74,43],"product_tag":[1041,153,148,147,1042,1040],"class_list":{"0":"post-15202","1":"product","2":"type-product","3":"status-publish","4":"has-post-thumbnail","6":"product_cat-zenski","7":"product_cat-nogometni-dresi-chelsea","8":"product_tag-dresi-chelsea-za-zenske","9":"product_tag-nogometni-dresi","10":"product_tag-poceni-nogometni-dresi","11":"product_tag-slovenski-nogometni-dresi","12":"product_tag-zenske-dresi-chelsea-z-lastnim-imenom","13":"product_tag-zenske-nogometni-dresi-chelsea","15":"first","16":"instock","17":"shipping-taxable","18":"purchasable","19":"product-type-variable"},"_links":{"self":[{"href":"https:\/\/www.nogometnizaotroke.com\/cs\/wp-json\/wp\/v2\/product\/15202","targetHints":{"allow":["GET"]}}],"collection":[{"href":"https:\/\/www.nogometnizaotroke.com\/cs\/wp-json\/wp\/v2\/product"}],"about":[{"href":"https:\/\/www.nogometnizaotroke.com\/cs\/wp-json\/wp\/v2\/types\/product"}],"replies":[{"embeddable":true,"href":"https:\/\/www.nogometnizaotroke.com\/cs\/wp-json\/wp\/v2\/comments?post=15202"}],"wp:featuredmedia":[{"embeddable":true,"href":"https:\/\/www.nogometnizaotroke.com\/cs\/wp-json\/wp\/v2\/media\/15204"}],"wp:attachment":[{"href":"https:\/\/www.nogometnizaotroke.com\/cs\/wp-json\/wp\/v2\/media?parent=15202"}],"wp:term":[{"taxonomy":"product_brand","embeddable":true,"href":"https:\/\/www.nogometnizaotroke.com\/cs\/wp-json\/wp\/v2\/product_brand?post=15202"},{"taxonomy":"product_cat","embeddable":true,"href":"https:\/\/www.nogometnizaotroke.com\/cs\/wp-json\/wp\/v2\/product_cat?post=15202"},{"taxonomy":"product_tag","embeddable":true,"href":"https:\/\/www.nogometnizaotroke.com\/cs\/wp-json\/wp\/v2\/product_tag?post=15202"}],"curies":[{"name":"wp","href":"https:\/\/api.w.org\/{rel}","templated":true}]}}