{"id":15115,"date":"2024-07-30T12:17:05","date_gmt":"2024-07-30T12:17:05","guid":{"rendered":"https:\/\/www.nogometnionline.com\/?post_type=product&#038;p=15115"},"modified":"2024-07-30T12:17:09","modified_gmt":"2024-07-30T12:17:09","slug":"moski-nogometni-dresi-po-narocilu-athletic-bilbao-gostujoci-2024-2025","status":"publish","type":"product","link":"https:\/\/www.nogometnizaotroke.com\/cs\/product\/moski-nogometni-dresi-po-narocilu-athletic-bilbao-gostujoci-2024-2025\/","title":{"rendered":"Mo\u0161ki Nogometni dresi po naro\u010dilu Athletic Bilbao Gostujo\u010di 2024 2025"},"content":{"rendered":"<p>Gostujo\u010di dres Athletic Bilbao 24-25 ima kraljevsko modro glavno barvo v kombinaciji s sivim ovratnikom z rde\u010do obrobo. Stranski del srajce je prav tako siv in rde\u010d.Nazadnje je Bilbao v sezoni 2018\/19 uporabil kraljevsko modro barvo za svoj dres v gosteh.Na sprednji strani je subtilen tisk, na zadnji pa baskovska zastava v obliki levje glave.<\/p>\n<p>Tipy pro pono\u017eky: tri\u010dko standardn\u011b neobsahuje pono\u017eky. Pokud chcete pono\u017eky, vyberte mo\u017enosti pono\u017eek a zapla\u0165te za n\u011b.<\/p>\n<p>Tip pro tisk: Pokud jsou jm\u00e9no a \u010d\u00edslo na obr\u00e1zku p\u0159esn\u011b takov\u00e9, jak\u00e9 chcete, nemus\u00edte je zad\u00e1vat znovu. Pokud tomu tak nen\u00ed, zadejte po\u017eadovan\u00e9 jm\u00e9no a \u010d\u00edslo.<\/p>\n<p>Tip na pran\u00ed: Fotbalov\u00e9 dresy se doporu\u010duje pr\u00e1t v ruce. Pokud chcete pou\u017e\u00edt pra\u010dku, nezapome\u0148te dres oto\u010dit a pot\u00e9 vyprat. A pra\u010dku napl\u0148te studenou vodou a pou\u017eijte \u0161etrn\u00fd prac\u00ed cyklus, abyste v\u00edce chr\u00e1nili barvy.<\/p>","protected":false},"excerpt":{"rendered":"<p>Gostujo\u010di dres Athletic Bilbao 24-25 ima kraljevsko modro glavno barvo v kombinaciji s sivim ovratnikom z rde\u010do obrobo. Stranski del srajce je prav tako siv in rde\u010d.Nazadnje je Bilbao v sezoni 2018\/19 uporabil kraljevsko modro barvo za svoj dres v gosteh.Na sprednji strani je subtilen tisk, na zadnji pa baskovska zastava v obliki levje glave. [&hellip;]<\/p>","protected":false},"featured_media":15113,"comment_status":"open","ping_status":"closed","template":"","meta":[],"product_brand":[],"product_cat":[140,52],"product_tag":[150,148,704,147],"class_list":{"0":"post-15115","1":"product","2":"type-product","3":"status-publish","4":"has-post-thumbnail","6":"product_cat-moski","7":"product_cat-nogometni-dresi-athletic-bilbao","8":"product_tag-moski-nogometni-dresi","9":"product_tag-poceni-nogometni-dresi","10":"product_tag-poceni-nogometni-dresi-athletic-bilbao-z-lastnim-imenom-online","11":"product_tag-slovenski-nogometni-dresi","13":"first","14":"instock","15":"shipping-taxable","16":"purchasable","17":"product-type-variable"},"_links":{"self":[{"href":"https:\/\/www.nogometnizaotroke.com\/cs\/wp-json\/wp\/v2\/product\/15115","targetHints":{"allow":["GET"]}}],"collection":[{"href":"https:\/\/www.nogometnizaotroke.com\/cs\/wp-json\/wp\/v2\/product"}],"about":[{"href":"https:\/\/www.nogometnizaotroke.com\/cs\/wp-json\/wp\/v2\/types\/product"}],"replies":[{"embeddable":true,"href":"https:\/\/www.nogometnizaotroke.com\/cs\/wp-json\/wp\/v2\/comments?post=15115"}],"wp:featuredmedia":[{"embeddable":true,"href":"https:\/\/www.nogometnizaotroke.com\/cs\/wp-json\/wp\/v2\/media\/15113"}],"wp:attachment":[{"href":"https:\/\/www.nogometnizaotroke.com\/cs\/wp-json\/wp\/v2\/media?parent=15115"}],"wp:term":[{"taxonomy":"product_brand","embeddable":true,"href":"https:\/\/www.nogometnizaotroke.com\/cs\/wp-json\/wp\/v2\/product_brand?post=15115"},{"taxonomy":"product_cat","embeddable":true,"href":"https:\/\/www.nogometnizaotroke.com\/cs\/wp-json\/wp\/v2\/product_cat?post=15115"},{"taxonomy":"product_tag","embeddable":true,"href":"https:\/\/www.nogometnizaotroke.com\/cs\/wp-json\/wp\/v2\/product_tag?post=15115"}],"curies":[{"name":"wp","href":"https:\/\/api.w.org\/{rel}","templated":true}]}}