{"id":14891,"date":"2024-07-27T03:34:45","date_gmt":"2024-07-27T03:34:45","guid":{"rendered":"https:\/\/www.nogometnionline.com\/?post_type=product&#038;p=14891"},"modified":"2024-07-27T03:34:53","modified_gmt":"2024-07-27T03:34:53","slug":"moski-nogometni-dresi-za-nogomet-anglija-domaci-euro-2024-jarrod-bowen-20","status":"publish","type":"product","link":"https:\/\/www.nogometnizaotroke.com\/cs\/product\/moski-nogometni-dresi-za-nogomet-anglija-domaci-euro-2024-jarrod-bowen-20\/","title":{"rendered":"P\u00e1nsk\u00e9 fotbalov\u00e9 dresy pro fotbal England Home Euro 2024 Jarrod Bowen 20"},"content":{"rendered":"<p>Dom\u00e1c\u00ed dresy Anglie Euro 2024 pro Mistrovstv\u00ed Evropy 2024 jsou velkou zm\u011bnou oproti p\u0159edchoz\u00edm dom\u00e1c\u00edm dres\u016fm Anglie. Fotbalov\u00fd dres Anglie 2024 kombinuje klasickou venkovskou b\u00edlou barvu s tmav\u011b tmav\u011b modr\u00fdmi a bord\u00f3\/sv\u011btle \u010derven\u00fdmi detaily. pou\u017e\u00edv\u00e1 speci\u00e1ln\u011b navr\u017een\u00fd l\u00edmec, kter\u00fd je kombinac\u00ed klasick\u00e9ho v\u00e9\u010dkov\u00e9ho l\u00edmce. Na man\u017eet\u00e1ch ruk\u00e1v\u016f dom\u00e1c\u00edho dresu Anglie 2024 jsou elegantn\u00ed tmav\u011b modr\u00e9\/sv\u011btle \u010derven\u00e9\/ka\u0161tanov\u00e9 pruhovan\u00e9 detaily.<\/p>\n<p>Tipy pro pono\u017eky: tri\u010dko standardn\u011b neobsahuje pono\u017eky. Pokud chcete pono\u017eky, vyberte mo\u017enosti pono\u017eek a zapla\u0165te za n\u011b.<\/p>\n<p>Tip pro tisk: Pokud jsou jm\u00e9no a \u010d\u00edslo na obr\u00e1zku p\u0159esn\u011b takov\u00e9, jak\u00e9 chcete, nemus\u00edte je zad\u00e1vat znovu. Pokud tomu tak nen\u00ed, zadejte po\u017eadovan\u00e9 jm\u00e9no a \u010d\u00edslo.<\/p>\n<p>Tip na pran\u00ed: Fotbalov\u00e9 dresy se doporu\u010duje pr\u00e1t v ruce. Pokud chcete pou\u017e\u00edt pra\u010dku, nezapome\u0148te dres oto\u010dit a pot\u00e9 vyprat. A pra\u010dku napl\u0148te studenou vodou a pou\u017eijte \u0161etrn\u00fd prac\u00ed cyklus, abyste v\u00edce chr\u00e1nili barvy.<\/p>","protected":false},"excerpt":{"rendered":"<p>Anglija Doma\u010di Euro 2024 dresi za Evropsko prvenstvo 2024 je velika sprememba prej\u0161njih doma\u010dih dresov Anglije. Nogometni dres Anglije 2024 zdru\u017euje klasi\u010dno belo dr\u017eavo s temno mornarsko modro barvo in kostanjevimi\/svetlo rde\u010dimi detajli.Uporablja posebno konstruiran ovratnik, ki je kombinacija klasi\u010dnega V ovratnika. Man\u0161ete rokavov doma\u010dega kompleta za Anglijo 2024 so opremljene z elegantnimi detajli mornarsko-modro-svetlo [&hellip;]<\/p>","protected":false},"featured_media":14893,"comment_status":"open","ping_status":"closed","template":"","meta":[],"product_brand":[],"product_cat":[778,140,79],"product_tag":[785,965,150,153,148,147],"class_list":{"0":"post-14891","1":"product","2":"type-product","3":"status-publish","4":"has-post-thumbnail","6":"product_cat-euro-2024","7":"product_cat-moski","8":"product_cat-dresi-anglija-reprezentance","9":"product_tag-anglija-euro-2024-dresi","10":"product_tag-jarrod-bowen-dresi","11":"product_tag-moski-nogometni-dresi","12":"product_tag-nogometni-dresi","13":"product_tag-poceni-nogometni-dresi","14":"product_tag-slovenski-nogometni-dresi","16":"first","17":"instock","18":"shipping-taxable","19":"purchasable","20":"product-type-variable"},"_links":{"self":[{"href":"https:\/\/www.nogometnizaotroke.com\/cs\/wp-json\/wp\/v2\/product\/14891","targetHints":{"allow":["GET"]}}],"collection":[{"href":"https:\/\/www.nogometnizaotroke.com\/cs\/wp-json\/wp\/v2\/product"}],"about":[{"href":"https:\/\/www.nogometnizaotroke.com\/cs\/wp-json\/wp\/v2\/types\/product"}],"replies":[{"embeddable":true,"href":"https:\/\/www.nogometnizaotroke.com\/cs\/wp-json\/wp\/v2\/comments?post=14891"}],"wp:featuredmedia":[{"embeddable":true,"href":"https:\/\/www.nogometnizaotroke.com\/cs\/wp-json\/wp\/v2\/media\/14893"}],"wp:attachment":[{"href":"https:\/\/www.nogometnizaotroke.com\/cs\/wp-json\/wp\/v2\/media?parent=14891"}],"wp:term":[{"taxonomy":"product_brand","embeddable":true,"href":"https:\/\/www.nogometnizaotroke.com\/cs\/wp-json\/wp\/v2\/product_brand?post=14891"},{"taxonomy":"product_cat","embeddable":true,"href":"https:\/\/www.nogometnizaotroke.com\/cs\/wp-json\/wp\/v2\/product_cat?post=14891"},{"taxonomy":"product_tag","embeddable":true,"href":"https:\/\/www.nogometnizaotroke.com\/cs\/wp-json\/wp\/v2\/product_tag?post=14891"}],"curies":[{"name":"wp","href":"https:\/\/api.w.org\/{rel}","templated":true}]}}