{"id":14741,"date":"2024-07-22T04:26:44","date_gmt":"2024-07-22T04:26:44","guid":{"rendered":"https:\/\/www.nogometnionline.com\/?post_type=product&#038;p=14741"},"modified":"2024-07-22T04:26:48","modified_gmt":"2024-07-22T04:26:48","slug":"poceni-moski-nogometni-dresi-euro-2024-italija-domaci-em-2024","status":"publish","type":"product","link":"https:\/\/www.nogometnizaotroke.com\/cs\/product\/poceni-moski-nogometni-dresi-euro-2024-italija-domaci-em-2024\/","title":{"rendered":"Poceni Mo\u0161ki Nogometni dresi Euro 2024 Italija Doma\u010di EM 2024"},"content":{"rendered":"<p>Doma\u010di dres Italije 2024 ima kombinacijo modre in bele s tribarvnimi tremi \u010drtami, kar je najbolj izjemna zna\u010dilnost kompleta.Komplet za dom Italija 2024 ima vzorec, ki spominja na \u010drko &#8220;I&#8221; iz Italije. Vzorec je lahko neposreden del vrhunskega <span class=\"HwtZe\" lang=\"sl\"><span class=\"jCAhz ChMk0b\"><span class=\"ryNqvb\">Hesta<\/span><\/span><\/span>. <span class=\"HwtZe\" lang=\"sl\"><span class=\"jCAhz ChMk0b\"><span class=\"ryNqvb\">\u017earek<\/span><\/span><\/span> material je verjetno uporabljen za vse komplete 2024, ne samo za Italijo.<\/p>\n<p>Tipy pro pono\u017eky: tri\u010dko standardn\u011b neobsahuje pono\u017eky. Pokud chcete pono\u017eky, vyberte mo\u017enosti pono\u017eek a zapla\u0165te za n\u011b.<\/p>\n<p>Tip pro tisk: Pokud jsou jm\u00e9no a \u010d\u00edslo na obr\u00e1zku p\u0159esn\u011b takov\u00e9, jak\u00e9 chcete, nemus\u00edte je zad\u00e1vat znovu. Pokud tomu tak nen\u00ed, zadejte po\u017eadovan\u00e9 jm\u00e9no a \u010d\u00edslo.<\/p>\n<p>Tip na pran\u00ed: Fotbalov\u00e9 dresy se doporu\u010duje pr\u00e1t v ruce. Pokud chcete pou\u017e\u00edt pra\u010dku, nezapome\u0148te dres oto\u010dit a pot\u00e9 vyprat. A pra\u010dku napl\u0148te studenou vodou a pou\u017eijte \u0161etrn\u00fd prac\u00ed cyklus, abyste v\u00edce chr\u00e1nili barvy.<\/p>","protected":false},"excerpt":{"rendered":"<p>Doma\u010di dres Italije 2024 ima kombinacijo modre in bele s tribarvnimi tremi \u010drtami, kar je najbolj izjemna zna\u010dilnost kompleta.Komplet za dom Italija 2024 ima vzorec, ki spominja na \u010drko &#8220;I&#8221; iz Italije. Vzorec je lahko neposreden del vrhunskega Hesta. \u017earek material je verjetno uporabljen za vse komplete 2024, ne samo za Italijo. Nasveti za nogavice: [&hellip;]<\/p>","protected":false},"featured_media":14746,"comment_status":"open","ping_status":"closed","template":"","meta":[],"product_brand":[],"product_cat":[778,140,87],"product_tag":[802,150,153,148,147],"class_list":{"0":"post-14741","1":"product","2":"type-product","3":"status-publish","4":"has-post-thumbnail","6":"product_cat-euro-2024","7":"product_cat-moski","8":"product_cat-dresi-italija-reprezentance","9":"product_tag-italija-euro-2024-dresi","10":"product_tag-moski-nogometni-dresi","11":"product_tag-nogometni-dresi","12":"product_tag-poceni-nogometni-dresi","13":"product_tag-slovenski-nogometni-dresi","15":"first","16":"instock","17":"shipping-taxable","18":"purchasable","19":"product-type-variable"},"_links":{"self":[{"href":"https:\/\/www.nogometnizaotroke.com\/cs\/wp-json\/wp\/v2\/product\/14741","targetHints":{"allow":["GET"]}}],"collection":[{"href":"https:\/\/www.nogometnizaotroke.com\/cs\/wp-json\/wp\/v2\/product"}],"about":[{"href":"https:\/\/www.nogometnizaotroke.com\/cs\/wp-json\/wp\/v2\/types\/product"}],"replies":[{"embeddable":true,"href":"https:\/\/www.nogometnizaotroke.com\/cs\/wp-json\/wp\/v2\/comments?post=14741"}],"wp:featuredmedia":[{"embeddable":true,"href":"https:\/\/www.nogometnizaotroke.com\/cs\/wp-json\/wp\/v2\/media\/14746"}],"wp:attachment":[{"href":"https:\/\/www.nogometnizaotroke.com\/cs\/wp-json\/wp\/v2\/media?parent=14741"}],"wp:term":[{"taxonomy":"product_brand","embeddable":true,"href":"https:\/\/www.nogometnizaotroke.com\/cs\/wp-json\/wp\/v2\/product_brand?post=14741"},{"taxonomy":"product_cat","embeddable":true,"href":"https:\/\/www.nogometnizaotroke.com\/cs\/wp-json\/wp\/v2\/product_cat?post=14741"},{"taxonomy":"product_tag","embeddable":true,"href":"https:\/\/www.nogometnizaotroke.com\/cs\/wp-json\/wp\/v2\/product_tag?post=14741"}],"curies":[{"name":"wp","href":"https:\/\/api.w.org\/{rel}","templated":true}]}}