{"id":14673,"date":"2024-07-20T13:25:16","date_gmt":"2024-07-20T13:25:16","guid":{"rendered":"https:\/\/www.nogometnionline.com\/?post_type=product&#038;p=14673"},"modified":"2024-07-20T13:25:21","modified_gmt":"2024-07-20T13:25:21","slug":"poceni-moski-nogometni-dresi-za-nogomet-anglija-gostujoci-euro-2024","status":"publish","type":"product","link":"https:\/\/www.nogometnizaotroke.com\/cs\/product\/poceni-moski-nogometni-dresi-za-nogomet-anglija-gostujoci-euro-2024\/","title":{"rendered":"Poceni Mo\u0161ki Nogometni dresi za nogomet Anglija Gostujo\u010di Euro 2024"},"content":{"rendered":"<p>Anglija Gostujo\u010di Euro 2024\u00a0 dresi ima temno bledo kostanjevo barvo, imenovano &#8220;Dark Raisin&#8221;, v kombinaciji s &#8220;Sesame&#8221; za logotipe, ki je zlat barvni odtenek.Znotraj ovratnika je kri\u017e sv. Jurija v enakih barvah, kot so uporabljene za dizajn stranskih \u010drt.Ta nova barvna shema je pomemben odmik od tradicionalnih modrih ali rde\u010dih kompletov za goste, ki jih je Anglija uporabljala v preteklosti, vendar bi lahko bila zelo priljubljena pri navija\u010dih.<\/p>\n<p>Tipy pro pono\u017eky: tri\u010dko standardn\u011b neobsahuje pono\u017eky. Pokud chcete pono\u017eky, vyberte mo\u017enosti pono\u017eek a zapla\u0165te za n\u011b.<\/p>\n<p>Tip pro tisk: Pokud jsou jm\u00e9no a \u010d\u00edslo na obr\u00e1zku p\u0159esn\u011b takov\u00e9, jak\u00e9 chcete, nemus\u00edte je zad\u00e1vat znovu. Pokud tomu tak nen\u00ed, zadejte po\u017eadovan\u00e9 jm\u00e9no a \u010d\u00edslo.<\/p>\n<p>Tip na pran\u00ed: Fotbalov\u00e9 dresy se doporu\u010duje pr\u00e1t v ruce. Pokud chcete pou\u017e\u00edt pra\u010dku, nezapome\u0148te dres oto\u010dit a pot\u00e9 vyprat. A pra\u010dku napl\u0148te studenou vodou a pou\u017eijte \u0161etrn\u00fd prac\u00ed cyklus, abyste v\u00edce chr\u00e1nili barvy.<\/p>","protected":false},"excerpt":{"rendered":"<p>Anglija Gostujo\u010di Euro 2024\u00a0 dresi ima temno bledo kostanjevo barvo, imenovano &#8220;Dark Raisin&#8221;, v kombinaciji s &#8220;Sesame&#8221; za logotipe, ki je zlat barvni odtenek.Znotraj ovratnika je kri\u017e sv. Jurija v enakih barvah, kot so uporabljene za dizajn stranskih \u010drt.Ta nova barvna shema je pomemben odmik od tradicionalnih modrih ali rde\u010dih kompletov za goste, ki jih [&hellip;]<\/p>","protected":false},"featured_media":14676,"comment_status":"open","ping_status":"closed","template":"","meta":[],"product_brand":[],"product_cat":[778,140,79],"product_tag":[785,150,153,148,147],"class_list":{"0":"post-14673","1":"product","2":"type-product","3":"status-publish","4":"has-post-thumbnail","6":"product_cat-euro-2024","7":"product_cat-moski","8":"product_cat-dresi-anglija-reprezentance","9":"product_tag-anglija-euro-2024-dresi","10":"product_tag-moski-nogometni-dresi","11":"product_tag-nogometni-dresi","12":"product_tag-poceni-nogometni-dresi","13":"product_tag-slovenski-nogometni-dresi","15":"first","16":"instock","17":"shipping-taxable","18":"purchasable","19":"product-type-variable"},"_links":{"self":[{"href":"https:\/\/www.nogometnizaotroke.com\/cs\/wp-json\/wp\/v2\/product\/14673","targetHints":{"allow":["GET"]}}],"collection":[{"href":"https:\/\/www.nogometnizaotroke.com\/cs\/wp-json\/wp\/v2\/product"}],"about":[{"href":"https:\/\/www.nogometnizaotroke.com\/cs\/wp-json\/wp\/v2\/types\/product"}],"replies":[{"embeddable":true,"href":"https:\/\/www.nogometnizaotroke.com\/cs\/wp-json\/wp\/v2\/comments?post=14673"}],"wp:featuredmedia":[{"embeddable":true,"href":"https:\/\/www.nogometnizaotroke.com\/cs\/wp-json\/wp\/v2\/media\/14676"}],"wp:attachment":[{"href":"https:\/\/www.nogometnizaotroke.com\/cs\/wp-json\/wp\/v2\/media?parent=14673"}],"wp:term":[{"taxonomy":"product_brand","embeddable":true,"href":"https:\/\/www.nogometnizaotroke.com\/cs\/wp-json\/wp\/v2\/product_brand?post=14673"},{"taxonomy":"product_cat","embeddable":true,"href":"https:\/\/www.nogometnizaotroke.com\/cs\/wp-json\/wp\/v2\/product_cat?post=14673"},{"taxonomy":"product_tag","embeddable":true,"href":"https:\/\/www.nogometnizaotroke.com\/cs\/wp-json\/wp\/v2\/product_tag?post=14673"}],"curies":[{"name":"wp","href":"https:\/\/api.w.org\/{rel}","templated":true}]}}