{"id":14309,"date":"2024-07-09T09:37:01","date_gmt":"2024-07-09T09:37:01","guid":{"rendered":"https:\/\/www.nogometnionline.com\/?post_type=product&#038;p=14309"},"modified":"2024-09-02T09:25:36","modified_gmt":"2024-09-02T09:25:36","slug":"otroski-nogometni-dresi-za-otroke-manchester-city-domaci-2024-25-erling-haaland-9","status":"publish","type":"product","link":"https:\/\/www.nogometnizaotroke.com\/cs\/product\/otroski-nogometni-dresi-za-otroke-manchester-city-domaci-2024-25-erling-haaland-9\/","title":{"rendered":"Otro\u0161ki Nogometni dresi za otroke Manchester City Doma\u010di 2024-25 Erling Haaland 9"},"content":{"rendered":"<p>Toto tri\u010dko je navr\u017eeno v nebesky modr\u00e9 barv\u011b, kter\u00e1 ironicky vych\u00e1z\u00ed z dom\u00e1c\u00edho barevn\u00e9ho sch\u00e9matu Man City, a m\u00e1 nov\u00fd design inspirovan\u00fd volac\u00edm znakem \"0161\", kter\u00fd pokr\u00fdv\u00e1 centrum Manchesteru. Nebesky modr\u00fd dres je zv\u00fdrazn\u011bn n\u00e1mo\u0159nick\u00fdmi vlo\u017ekami a jedine\u010dnou maskovac\u00ed grafikou ve stylu graffiti, kter\u00e1 vyu\u017e\u00edv\u00e1 \u010d\u00edsla \"0161\" kolem l\u00edmce a man\u017eet na ruk\u00e1vech. Na p\u0159edn\u00ed stran\u011b dresu je vy\u0161it\u00fd odznak Manchesteru City a logo Puma a vyti\u0161t\u011bno je tak\u00e9 logo sponzora.<\/p>\n<p>Toto dom\u00e1c\u00ed tri\u010dko je ide\u00e1ln\u00ed pro v\u0161echny mlad\u00e9 fanou\u0161ky Man City, kte\u0159\u00ed cht\u011bj\u00ed uk\u00e1zat svou v\u011brnost t\u00fdmu. M\u00e1 kr\u00e1tk\u00e9 ruk\u00e1vy, \u017eebrovan\u00fd l\u00edmec a standardn\u00ed st\u0159ih pro optim\u00e1ln\u00ed pohodl\u00ed. V ml\u00e1d\u00ed fotbalisty Deana je toto tri\u010dko vyrobeno z recyklovan\u00e9ho polyesteru minim\u00e1ln\u011b 95 %, m\u00e1 s\u00ed\u0165ovan\u00e9 v\u011btrac\u00ed kan\u00e1lky a v\u00fdrazn\u00fd prost\u0159edek Duracell pro odvod potu, kter\u00fd udr\u017euje mlad\u00e9 hr\u00e1\u010de v chladu a suchu.<\/p>","protected":false},"excerpt":{"rendered":"<p>Ta majica, oblikovana v nebesno modri barvi po ironi\u010dni doma\u010di barvni shemi Man City, ima nov dizajn, ki ga je navdihnila klicna koda \u20180161\u2019, ki pokriva sredi\u0161\u010de Manchester City. Nebe\u0161ko moder dres je poudarjen z mornarskimi vstavki in edinstveno maskirno grafiko v slogu grafitov, ki uporablja \u0161tevilke \u20180161\u2019 okoli ovratnika in man\u0161et na rokavih. Na [&hellip;]<\/p>","protected":false},"featured_media":14311,"comment_status":"open","ping_status":"closed","template":"","meta":[],"product_brand":[],"product_cat":[73,44],"product_tag":[899,821,883,938,153,159,148,147],"class_list":{"0":"post-14309","1":"product","2":"type-product","3":"status-publish","4":"has-post-thumbnail","6":"product_cat-otroski","7":"product_cat-nogometni-dresi-manchester-city","8":"product_tag-erling-haaland-dresi","9":"product_tag-manchester-city-dres","10":"product_tag-manchester-city-dresi-2024","11":"product_tag-manchester-city-z-lastnim-imenom-online","12":"product_tag-nogometni-dresi","13":"product_tag-otroski-nogometni-dresi","14":"product_tag-poceni-nogometni-dresi","15":"product_tag-slovenski-nogometni-dresi","17":"first","18":"instock","19":"featured","20":"shipping-taxable","21":"purchasable","22":"product-type-variable"},"_links":{"self":[{"href":"https:\/\/www.nogometnizaotroke.com\/cs\/wp-json\/wp\/v2\/product\/14309","targetHints":{"allow":["GET"]}}],"collection":[{"href":"https:\/\/www.nogometnizaotroke.com\/cs\/wp-json\/wp\/v2\/product"}],"about":[{"href":"https:\/\/www.nogometnizaotroke.com\/cs\/wp-json\/wp\/v2\/types\/product"}],"replies":[{"embeddable":true,"href":"https:\/\/www.nogometnizaotroke.com\/cs\/wp-json\/wp\/v2\/comments?post=14309"}],"wp:featuredmedia":[{"embeddable":true,"href":"https:\/\/www.nogometnizaotroke.com\/cs\/wp-json\/wp\/v2\/media\/14311"}],"wp:attachment":[{"href":"https:\/\/www.nogometnizaotroke.com\/cs\/wp-json\/wp\/v2\/media?parent=14309"}],"wp:term":[{"taxonomy":"product_brand","embeddable":true,"href":"https:\/\/www.nogometnizaotroke.com\/cs\/wp-json\/wp\/v2\/product_brand?post=14309"},{"taxonomy":"product_cat","embeddable":true,"href":"https:\/\/www.nogometnizaotroke.com\/cs\/wp-json\/wp\/v2\/product_cat?post=14309"},{"taxonomy":"product_tag","embeddable":true,"href":"https:\/\/www.nogometnizaotroke.com\/cs\/wp-json\/wp\/v2\/product_tag?post=14309"}],"curies":[{"name":"wp","href":"https:\/\/api.w.org\/{rel}","templated":true}]}}