{"id":14256,"date":"2024-07-08T03:29:47","date_gmt":"2024-07-08T03:29:47","guid":{"rendered":"https:\/\/www.nogometnionline.com\/?post_type=product&#038;p=14256"},"modified":"2024-11-27T02:40:16","modified_gmt":"2024-11-27T02:40:16","slug":"otroski-nogometni-dresi-za-otroke-spanija-gostujoci-euro-2024-tisk-lamine-yamal-19","status":"publish","type":"product","link":"https:\/\/www.nogometnizaotroke.com\/cs\/product\/otroski-nogometni-dresi-za-otroke-spanija-gostujoci-euro-2024-tisk-lamine-yamal-19\/","title":{"rendered":"Otro\u0161ki Nogometni dresi za otroke \u0160panija Gostujo\u010di Euro 2024 tisk Lamine Yamal 19"},"content":{"rendered":"<p>Gostujo\u010di dres \u0160panija 2024 ima sve\u017eo in osupljivo barvno kombinacijo. Ve\u010dinoma je bledo neonsko rumena, ki jo morda navdihujejo pe\u0161\u010dene sipine v dr\u017eavi. Uradno je ime barve nogometnega dresa za gostovanje v \u0160paniji 2024 &#8220;Pulse Yellow.&#8221;Edinstvena zna\u010dilnost gostujo\u010dega kompleta \u0161panskega Eura 2024 je na plo\u0161\u010dah &#8211; svetlo modre plo\u0161\u010de imajo grafiko pe\u0161\u010dene sipine.<\/p>\n<p>Tipy pro pono\u017eky: tri\u010dko standardn\u011b neobsahuje pono\u017eky. Pokud chcete pono\u017eky, vyberte mo\u017enosti pono\u017eek a zapla\u0165te za n\u011b.<\/p>\n<p>Tip pro tisk: Pokud jsou jm\u00e9no a \u010d\u00edslo na obr\u00e1zku p\u0159esn\u011b takov\u00e9, jak\u00e9 chcete, nemus\u00edte je zad\u00e1vat znovu. Pokud tomu tak nen\u00ed, zadejte po\u017eadovan\u00e9 jm\u00e9no a \u010d\u00edslo.<\/p>\n<p>Tip na pran\u00ed: Fotbalov\u00e9 dresy se doporu\u010duje pr\u00e1t v ruce. Pokud chcete pou\u017e\u00edt pra\u010dku, nezapome\u0148te dres oto\u010dit a pot\u00e9 vyprat. A pra\u010dku napl\u0148te studenou vodou a pou\u017eijte \u0161etrn\u00fd prac\u00ed cyklus, abyste v\u00edce chr\u00e1nili barvy.<\/p>","protected":false},"excerpt":{"rendered":"<p>Gostujo\u010di dres \u0160panija 2024 ima sve\u017eo in osupljivo barvno kombinacijo. Ve\u010dinoma je bledo neonsko rumena, ki jo morda navdihujejo pe\u0161\u010dene sipine v dr\u017eavi. Uradno je ime barve nogometnega dresa za gostovanje v \u0160paniji 2024 &#8220;Pulse Yellow.&#8221;Edinstvena zna\u010dilnost gostujo\u010dega kompleta \u0161panskega Eura 2024 je na plo\u0161\u010dah &#8211; svetlo modre plo\u0161\u010de imajo grafiko pe\u0161\u010dene sipine. Nasveti za [&hellip;]<\/p>","protected":false},"featured_media":14258,"comment_status":"open","ping_status":"closed","template":"","meta":[],"product_brand":[],"product_cat":[778,73,85],"product_tag":[930,932,153,159,148,931,147,784],"class_list":{"0":"post-14256","1":"product","2":"type-product","3":"status-publish","4":"has-post-thumbnail","6":"product_cat-euro-2024","7":"product_cat-otroski","8":"product_cat-dresi-spanija-reprezentance","9":"product_tag-kupiti-otroski-dresi-spanija-euro-2024","10":"product_tag-lamine-yamal-dresi","11":"product_tag-nogometni-dresi","12":"product_tag-otroski-nogometni-dresi","13":"product_tag-poceni-nogometni-dresi","14":"product_tag-poceni-otroski-dresi-spanija-euro-2024","15":"product_tag-slovenski-nogometni-dresi","16":"product_tag-spanija-euro-2024-dresi","18":"first","19":"instock","20":"shipping-taxable","21":"purchasable","22":"product-type-variable"},"_links":{"self":[{"href":"https:\/\/www.nogometnizaotroke.com\/cs\/wp-json\/wp\/v2\/product\/14256","targetHints":{"allow":["GET"]}}],"collection":[{"href":"https:\/\/www.nogometnizaotroke.com\/cs\/wp-json\/wp\/v2\/product"}],"about":[{"href":"https:\/\/www.nogometnizaotroke.com\/cs\/wp-json\/wp\/v2\/types\/product"}],"replies":[{"embeddable":true,"href":"https:\/\/www.nogometnizaotroke.com\/cs\/wp-json\/wp\/v2\/comments?post=14256"}],"wp:featuredmedia":[{"embeddable":true,"href":"https:\/\/www.nogometnizaotroke.com\/cs\/wp-json\/wp\/v2\/media\/14258"}],"wp:attachment":[{"href":"https:\/\/www.nogometnizaotroke.com\/cs\/wp-json\/wp\/v2\/media?parent=14256"}],"wp:term":[{"taxonomy":"product_brand","embeddable":true,"href":"https:\/\/www.nogometnizaotroke.com\/cs\/wp-json\/wp\/v2\/product_brand?post=14256"},{"taxonomy":"product_cat","embeddable":true,"href":"https:\/\/www.nogometnizaotroke.com\/cs\/wp-json\/wp\/v2\/product_cat?post=14256"},{"taxonomy":"product_tag","embeddable":true,"href":"https:\/\/www.nogometnizaotroke.com\/cs\/wp-json\/wp\/v2\/product_tag?post=14256"}],"curies":[{"name":"wp","href":"https:\/\/api.w.org\/{rel}","templated":true}]}}