{"id":13935,"date":"2024-06-29T14:47:35","date_gmt":"2024-06-29T14:47:35","guid":{"rendered":"https:\/\/www.nogometnionline.com\/?post_type=product&#038;p=13935"},"modified":"2024-06-29T14:57:41","modified_gmt":"2024-06-29T14:57:41","slug":"moski-nogometni-dresi-manchester-city-domaci-2024-25-modra-kratek-rokav-ruben-dias-3","status":"publish","type":"product","link":"https:\/\/www.nogometnizaotroke.com\/cs\/product\/moski-nogometni-dresi-manchester-city-domaci-2024-25-modra-kratek-rokav-ruben-dias-3\/","title":{"rendered":"Mo\u0161ki Nogometni dresi Manchester City Doma\u010di 2024-25 modra Kratek Rokav Ruben Dias 3"},"content":{"rendered":"<p><strong>Mo\u0161ki Nogometni dresi Manchester City Doma\u010di 2024-25 modra Kratek Rokav Ruben Dias 3<\/strong><\/p>\n<p>Ta majica, oblikovana v nebesno modri barvi po ironi\u010dni doma\u010di barvni shemi Man City, ima nov dizajn, ki ga je navdihnila klicna koda &#8216;0161&#8217;, ki pokriva sredi\u0161\u010de Manchester City. Nebe\u0161ko moder dres je poudarjen z mornarskimi vstavki in edinstveno maskirno grafiko v slogu grafitov, ki uporablja \u0161tevilke &#8216;0161&#8217; okoli ovratnika in man\u0161et na rokavih. Na sprednji strani majice je izvezena zna\u010dka Manchester City in logotip Puma, natisnjen je tudi logotip sponzorja.<\/p>\n<p>Toto dom\u00e1c\u00ed tri\u010dko je ide\u00e1ln\u00ed pro v\u0161echny mlad\u00e9 fanou\u0161ky Man City, kte\u0159\u00ed cht\u011bj\u00ed uk\u00e1zat svou v\u011brnost t\u00fdmu. M\u00e1 kr\u00e1tk\u00e9 ruk\u00e1vy, \u017eebrovan\u00fd l\u00edmec a standardn\u00ed st\u0159ih pro optim\u00e1ln\u00ed pohodl\u00ed. V ml\u00e1d\u00ed fotbalisty Deana je toto tri\u010dko vyrobeno z recyklovan\u00e9ho polyesteru minim\u00e1ln\u011b 95 %, m\u00e1 s\u00ed\u0165ovan\u00e9 v\u011btrac\u00ed kan\u00e1lky a v\u00fdrazn\u00fd prost\u0159edek Duracell pro odvod potu, kter\u00fd udr\u017euje mlad\u00e9 hr\u00e1\u010de v chladu a suchu.<\/p>","protected":false},"excerpt":{"rendered":"<p>Mo\u0161ki Nogometni dresi Manchester City Doma\u010di 2024-25 modra Kratek Rokav Ruben Dias 3 Ta majica, oblikovana v nebesno modri barvi po ironi\u010dni doma\u010di barvni shemi Man City, ima nov dizajn, ki ga je navdihnila klicna koda &#8216;0161&#8217;, ki pokriva sredi\u0161\u010de Manchester City. Nebe\u0161ko moder dres je poudarjen z mornarskimi vstavki in edinstveno maskirno grafiko v [&hellip;]<\/p>","protected":false},"featured_media":13937,"comment_status":"open","ping_status":"closed","template":"","meta":[],"product_brand":[],"product_cat":[140,44],"product_tag":[821,883,150,153,148,253,897,147],"class_list":{"0":"post-13935","1":"product","2":"type-product","3":"status-publish","4":"has-post-thumbnail","6":"product_cat-moski","7":"product_cat-nogometni-dresi-manchester-city","8":"product_tag-manchester-city-dres","9":"product_tag-manchester-city-dresi-2024","10":"product_tag-moski-nogometni-dresi","11":"product_tag-nogometni-dresi","12":"product_tag-poceni-nogometni-dresi","13":"product_tag-poceni-nogometni-dresi-manchester-city-z-lastnim-imenom-online","14":"product_tag-ruben-dias-dresi","15":"product_tag-slovenski-nogometni-dresi","17":"first","18":"instock","19":"shipping-taxable","20":"purchasable","21":"product-type-variable"},"_links":{"self":[{"href":"https:\/\/www.nogometnizaotroke.com\/cs\/wp-json\/wp\/v2\/product\/13935","targetHints":{"allow":["GET"]}}],"collection":[{"href":"https:\/\/www.nogometnizaotroke.com\/cs\/wp-json\/wp\/v2\/product"}],"about":[{"href":"https:\/\/www.nogometnizaotroke.com\/cs\/wp-json\/wp\/v2\/types\/product"}],"replies":[{"embeddable":true,"href":"https:\/\/www.nogometnizaotroke.com\/cs\/wp-json\/wp\/v2\/comments?post=13935"}],"wp:featuredmedia":[{"embeddable":true,"href":"https:\/\/www.nogometnizaotroke.com\/cs\/wp-json\/wp\/v2\/media\/13937"}],"wp:attachment":[{"href":"https:\/\/www.nogometnizaotroke.com\/cs\/wp-json\/wp\/v2\/media?parent=13935"}],"wp:term":[{"taxonomy":"product_brand","embeddable":true,"href":"https:\/\/www.nogometnizaotroke.com\/cs\/wp-json\/wp\/v2\/product_brand?post=13935"},{"taxonomy":"product_cat","embeddable":true,"href":"https:\/\/www.nogometnizaotroke.com\/cs\/wp-json\/wp\/v2\/product_cat?post=13935"},{"taxonomy":"product_tag","embeddable":true,"href":"https:\/\/www.nogometnizaotroke.com\/cs\/wp-json\/wp\/v2\/product_tag?post=13935"}],"curies":[{"name":"wp","href":"https:\/\/api.w.org\/{rel}","templated":true}]}}