{"id":13358,"date":"2024-06-14T03:01:41","date_gmt":"2024-06-14T03:01:41","guid":{"rendered":"https:\/\/www.nogometnionline.com\/?post_type=product&#038;p=13358"},"modified":"2024-06-14T03:01:45","modified_gmt":"2024-06-14T03:01:45","slug":"moski-nogometni-dresi-romunija-gostujoci-em-2024-rdeca-prodajo","status":"publish","type":"product","link":"https:\/\/www.nogometnizaotroke.com\/cs\/product\/moski-nogometni-dresi-romunija-gostujoci-em-2024-rdeca-prodajo\/","title":{"rendered":"Mo\u0161ki Nogometni dresi Romunija Gostujo\u010di EM 2024 rde\u010da prodajo"},"content":{"rendered":"<p>Mo\u0161ki Nogometni dresi Romunija Gostujo\u010di EM 2024 rde\u010da prodajo<\/p>","protected":false},"excerpt":{"rendered":"<p>Mo\u0161ki Nogometni dresi Romunija Gostujo\u010di EM 2024 rde\u010da prodajo<\/p>","protected":false},"featured_media":13360,"comment_status":"open","ping_status":"closed","template":"","meta":[],"product_brand":[],"product_cat":[864,778,140],"product_tag":[865,832,150,153,148,884,147],"class_list":{"0":"post-13358","1":"product","2":"type-product","3":"status-publish","4":"has-post-thumbnail","6":"product_cat-dresi-romunija-reprezentance","7":"product_cat-euro-2024","8":"product_cat-moski","9":"product_tag-dresi-romunija-reprezentance","10":"product_tag-euro-2024","11":"product_tag-moski-nogometni-dresi","12":"product_tag-nogometni-dresi","13":"product_tag-poceni-nogometni-dresi","14":"product_tag-romunija-em-2024-dresi","15":"product_tag-slovenski-nogometni-dresi","17":"first","18":"instock","19":"shipping-taxable","20":"purchasable","21":"product-type-variable"},"_links":{"self":[{"href":"https:\/\/www.nogometnizaotroke.com\/cs\/wp-json\/wp\/v2\/product\/13358","targetHints":{"allow":["GET"]}}],"collection":[{"href":"https:\/\/www.nogometnizaotroke.com\/cs\/wp-json\/wp\/v2\/product"}],"about":[{"href":"https:\/\/www.nogometnizaotroke.com\/cs\/wp-json\/wp\/v2\/types\/product"}],"replies":[{"embeddable":true,"href":"https:\/\/www.nogometnizaotroke.com\/cs\/wp-json\/wp\/v2\/comments?post=13358"}],"wp:featuredmedia":[{"embeddable":true,"href":"https:\/\/www.nogometnizaotroke.com\/cs\/wp-json\/wp\/v2\/media\/13360"}],"wp:attachment":[{"href":"https:\/\/www.nogometnizaotroke.com\/cs\/wp-json\/wp\/v2\/media?parent=13358"}],"wp:term":[{"taxonomy":"product_brand","embeddable":true,"href":"https:\/\/www.nogometnizaotroke.com\/cs\/wp-json\/wp\/v2\/product_brand?post=13358"},{"taxonomy":"product_cat","embeddable":true,"href":"https:\/\/www.nogometnizaotroke.com\/cs\/wp-json\/wp\/v2\/product_cat?post=13358"},{"taxonomy":"product_tag","embeddable":true,"href":"https:\/\/www.nogometnizaotroke.com\/cs\/wp-json\/wp\/v2\/product_tag?post=13358"}],"curies":[{"name":"wp","href":"https:\/\/api.w.org\/{rel}","templated":true}]}}