{"id":13335,"date":"2024-06-13T02:49:00","date_gmt":"2024-06-13T02:49:00","guid":{"rendered":"https:\/\/www.nogometnionline.com\/?post_type=product&#038;p=13335"},"modified":"2024-06-13T02:49:06","modified_gmt":"2024-06-13T02:49:06","slug":"zenski-nogometni-dresi-manchester-city-domaci-2024-25-prodajo","status":"publish","type":"product","link":"https:\/\/www.nogometnizaotroke.com\/cs\/product\/zenski-nogometni-dresi-manchester-city-domaci-2024-25-prodajo\/","title":{"rendered":"D\u00e1msk\u00e9 fotbalov\u00e9 dresy Manchester City Home 2024-25 Prodej"},"content":{"rendered":"<p>D\u00e1msk\u00e9 fotbalov\u00e9 dresy Manchester City Home 2024-25 Prodej<\/p>","protected":false},"excerpt":{"rendered":"<p>D\u00e1msk\u00e9 fotbalov\u00e9 dresy Manchester City Home 2024-25 Prodej<\/p>","protected":false},"featured_media":13337,"comment_status":"open","ping_status":"closed","template":"","meta":[],"product_brand":[],"product_cat":[74,44],"product_tag":[821,883,153,148,253,147,320],"class_list":{"0":"post-13335","1":"product","2":"type-product","3":"status-publish","4":"has-post-thumbnail","6":"product_cat-zenski","7":"product_cat-nogometni-dresi-manchester-city","8":"product_tag-manchester-city-dres","9":"product_tag-manchester-city-dresi-2024","10":"product_tag-nogometni-dresi","11":"product_tag-poceni-nogometni-dresi","12":"product_tag-poceni-nogometni-dresi-manchester-city-z-lastnim-imenom-online","13":"product_tag-slovenski-nogometni-dresi","14":"product_tag-zenski-nogometni-dresi","16":"first","17":"instock","18":"shipping-taxable","19":"purchasable","20":"product-type-variable"},"_links":{"self":[{"href":"https:\/\/www.nogometnizaotroke.com\/cs\/wp-json\/wp\/v2\/product\/13335","targetHints":{"allow":["GET"]}}],"collection":[{"href":"https:\/\/www.nogometnizaotroke.com\/cs\/wp-json\/wp\/v2\/product"}],"about":[{"href":"https:\/\/www.nogometnizaotroke.com\/cs\/wp-json\/wp\/v2\/types\/product"}],"replies":[{"embeddable":true,"href":"https:\/\/www.nogometnizaotroke.com\/cs\/wp-json\/wp\/v2\/comments?post=13335"}],"wp:featuredmedia":[{"embeddable":true,"href":"https:\/\/www.nogometnizaotroke.com\/cs\/wp-json\/wp\/v2\/media\/13337"}],"wp:attachment":[{"href":"https:\/\/www.nogometnizaotroke.com\/cs\/wp-json\/wp\/v2\/media?parent=13335"}],"wp:term":[{"taxonomy":"product_brand","embeddable":true,"href":"https:\/\/www.nogometnizaotroke.com\/cs\/wp-json\/wp\/v2\/product_brand?post=13335"},{"taxonomy":"product_cat","embeddable":true,"href":"https:\/\/www.nogometnizaotroke.com\/cs\/wp-json\/wp\/v2\/product_cat?post=13335"},{"taxonomy":"product_tag","embeddable":true,"href":"https:\/\/www.nogometnizaotroke.com\/cs\/wp-json\/wp\/v2\/product_tag?post=13335"}],"curies":[{"name":"wp","href":"https:\/\/api.w.org\/{rel}","templated":true}]}}