{"id":12877,"date":"2024-05-23T03:52:16","date_gmt":"2024-05-23T03:52:16","guid":{"rendered":"https:\/\/www.nogometnionline.com\/?post_type=product&#038;p=12877"},"modified":"2024-05-27T12:25:18","modified_gmt":"2024-05-27T12:25:18","slug":"moski-nogometni-dresi-reprezentance-slovenija-gostujoci-euro-2024-modra-kratek-rokav","status":"publish","type":"product","link":"https:\/\/www.nogometnizaotroke.com\/cs\/product\/moski-nogometni-dresi-reprezentance-slovenija-gostujoci-euro-2024-modra-kratek-rokav\/","title":{"rendered":"Mo\u0161ki Nogometni dresi reprezentance Slovenija Gostujo\u010di Euro 2024 modra Kratek Rokav"},"content":{"rendered":"<p>Mo\u0161ki Nogometni dresi reprezentance Slovenija Gostujo\u010di Euro 2024 modra Kratek Rokav<\/p>","protected":false},"excerpt":{"rendered":"<p>Mo\u0161ki Nogometni dresi reprezentance Slovenija Gostujo\u010di Euro 2024 modra Kratek Rokav<\/p>","protected":false},"featured_media":12879,"comment_status":"open","ping_status":"closed","template":"","meta":[],"product_brand":[],"product_cat":[778,140,104],"product_tag":[843,150,153,148,842,147],"class_list":{"0":"post-12877","1":"product","2":"type-product","3":"status-publish","4":"has-post-thumbnail","6":"product_cat-euro-2024","7":"product_cat-moski","8":"product_cat-dresi-slovenija-reprezentance","9":"product_tag-2024-25-nogometni-dresi","10":"product_tag-moski-nogometni-dresi","11":"product_tag-nogometni-dresi","12":"product_tag-poceni-nogometni-dresi","13":"product_tag-slovenija-euro-2024-dresi","14":"product_tag-slovenski-nogometni-dresi","16":"first","17":"outofstock","18":"shipping-taxable","19":"purchasable","20":"product-type-variable"},"_links":{"self":[{"href":"https:\/\/www.nogometnizaotroke.com\/cs\/wp-json\/wp\/v2\/product\/12877","targetHints":{"allow":["GET"]}}],"collection":[{"href":"https:\/\/www.nogometnizaotroke.com\/cs\/wp-json\/wp\/v2\/product"}],"about":[{"href":"https:\/\/www.nogometnizaotroke.com\/cs\/wp-json\/wp\/v2\/types\/product"}],"replies":[{"embeddable":true,"href":"https:\/\/www.nogometnizaotroke.com\/cs\/wp-json\/wp\/v2\/comments?post=12877"}],"wp:featuredmedia":[{"embeddable":true,"href":"https:\/\/www.nogometnizaotroke.com\/cs\/wp-json\/wp\/v2\/media\/12879"}],"wp:attachment":[{"href":"https:\/\/www.nogometnizaotroke.com\/cs\/wp-json\/wp\/v2\/media?parent=12877"}],"wp:term":[{"taxonomy":"product_brand","embeddable":true,"href":"https:\/\/www.nogometnizaotroke.com\/cs\/wp-json\/wp\/v2\/product_brand?post=12877"},{"taxonomy":"product_cat","embeddable":true,"href":"https:\/\/www.nogometnizaotroke.com\/cs\/wp-json\/wp\/v2\/product_cat?post=12877"},{"taxonomy":"product_tag","embeddable":true,"href":"https:\/\/www.nogometnizaotroke.com\/cs\/wp-json\/wp\/v2\/product_tag?post=12877"}],"curies":[{"name":"wp","href":"https:\/\/api.w.org\/{rel}","templated":true}]}}