{"id":12776,"date":"2024-05-18T14:09:39","date_gmt":"2024-05-18T14:09:39","guid":{"rendered":"https:\/\/www.nogometnionline.com\/?post_type=product&#038;p=12776"},"modified":"2024-05-18T14:13:07","modified_gmt":"2024-05-18T14:13:07","slug":"kje-kupiti-moski-nogometni-dresi-kompleti-reprezentance-nemcija-gostujoci-euro-2024","status":"publish","type":"product","link":"https:\/\/www.nogometnizaotroke.com\/cs\/product\/kje-kupiti-moski-nogometni-dresi-kompleti-reprezentance-nemcija-gostujoci-euro-2024\/","title":{"rendered":"Kje Kupiti Mo\u0161ki Nogometni dresi kompleti Reprezentance Nem\u010dija Gostujo\u010di Euro 2024"},"content":{"rendered":"<p>Kje Kupiti Mo\u0161ki Nogometni dresi kompleti Reprezentance Nem\u010dija Gostujo\u010di Euro 2024<\/p>","protected":false},"excerpt":{"rendered":"<p>Kje Kupiti Mo\u0161ki Nogometni dresi kompleti Reprezentance Nem\u010dija Gostujo\u010di Euro 2024<\/p>","protected":false},"featured_media":12782,"comment_status":"open","ping_status":"closed","template":"","meta":[],"product_brand":[],"product_cat":[778,140,80],"product_tag":[150,779,153,148,147],"class_list":{"0":"post-12776","1":"product","2":"type-product","3":"status-publish","4":"has-post-thumbnail","6":"product_cat-euro-2024","7":"product_cat-moski","8":"product_cat-dresi-nemcija-reprezentance","9":"product_tag-moski-nogometni-dresi","10":"product_tag-nemcija-euro-2024-dresi","11":"product_tag-nogometni-dresi","12":"product_tag-poceni-nogometni-dresi","13":"product_tag-slovenski-nogometni-dresi","15":"first","16":"instock","17":"shipping-taxable","18":"purchasable","19":"product-type-variable"},"_links":{"self":[{"href":"https:\/\/www.nogometnizaotroke.com\/cs\/wp-json\/wp\/v2\/product\/12776","targetHints":{"allow":["GET"]}}],"collection":[{"href":"https:\/\/www.nogometnizaotroke.com\/cs\/wp-json\/wp\/v2\/product"}],"about":[{"href":"https:\/\/www.nogometnizaotroke.com\/cs\/wp-json\/wp\/v2\/types\/product"}],"replies":[{"embeddable":true,"href":"https:\/\/www.nogometnizaotroke.com\/cs\/wp-json\/wp\/v2\/comments?post=12776"}],"wp:featuredmedia":[{"embeddable":true,"href":"https:\/\/www.nogometnizaotroke.com\/cs\/wp-json\/wp\/v2\/media\/12782"}],"wp:attachment":[{"href":"https:\/\/www.nogometnizaotroke.com\/cs\/wp-json\/wp\/v2\/media?parent=12776"}],"wp:term":[{"taxonomy":"product_brand","embeddable":true,"href":"https:\/\/www.nogometnizaotroke.com\/cs\/wp-json\/wp\/v2\/product_brand?post=12776"},{"taxonomy":"product_cat","embeddable":true,"href":"https:\/\/www.nogometnizaotroke.com\/cs\/wp-json\/wp\/v2\/product_cat?post=12776"},{"taxonomy":"product_tag","embeddable":true,"href":"https:\/\/www.nogometnizaotroke.com\/cs\/wp-json\/wp\/v2\/product_tag?post=12776"}],"curies":[{"name":"wp","href":"https:\/\/api.w.org\/{rel}","templated":true}]}}