{"id":12259,"date":"2024-04-27T06:56:54","date_gmt":"2024-04-27T06:56:54","guid":{"rendered":"https:\/\/www.nogometnionline.com\/?post_type=product&#038;p=12259"},"modified":"2024-05-04T09:47:37","modified_gmt":"2024-05-04T09:47:37","slug":"poceni-zenski-nogometni-dresi-inter-miami-cf-domaci-2024-25-kratek-rokav","status":"publish","type":"product","link":"https:\/\/www.nogometnizaotroke.com\/cs\/product\/poceni-zenski-nogometni-dresi-inter-miami-cf-domaci-2024-25-kratek-rokav\/","title":{"rendered":"Levn\u00e9 d\u00e1msk\u00e9 fotbalov\u00e9 dresy Inter Miami CF Home 2024-25 kr\u00e1tk\u00fd ruk\u00e1v"},"content":{"rendered":"<p>Levn\u00e9 d\u00e1msk\u00e9 fotbalov\u00e9 dresy Inter Miami CF Home 2024-25 kr\u00e1tk\u00fd ruk\u00e1v<\/p>","protected":false},"excerpt":{"rendered":"<p>Levn\u00e9 d\u00e1msk\u00e9 fotbalov\u00e9 dresy Inter Miami CF Home 2024-25 kr\u00e1tk\u00fd ruk\u00e1v<\/p>","protected":false},"featured_media":12261,"comment_status":"open","ping_status":"closed","template":"","meta":[],"product_brand":[],"product_cat":[353,74],"product_tag":[345,346,820,153,148,348,147,320],"class_list":{"0":"post-12259","1":"product","2":"type-product","3":"status-publish","4":"has-post-thumbnail","6":"product_cat-nogometni-dresi-inter-miami","7":"product_cat-zenski","8":"product_tag-inter-miami-domaci-dres","9":"product_tag-inter-miami-dres","10":"product_tag-inter-miami-dres-24-25","11":"product_tag-nogometni-dresi","12":"product_tag-poceni-nogometni-dresi","13":"product_tag-poceni-nogometni-dresi-inter-miami-z-lastnim-imenom-online","14":"product_tag-slovenski-nogometni-dresi","15":"product_tag-zenski-nogometni-dresi","17":"first","18":"instock","19":"featured","20":"shipping-taxable","21":"purchasable","22":"product-type-variable"},"_links":{"self":[{"href":"https:\/\/www.nogometnizaotroke.com\/cs\/wp-json\/wp\/v2\/product\/12259","targetHints":{"allow":["GET"]}}],"collection":[{"href":"https:\/\/www.nogometnizaotroke.com\/cs\/wp-json\/wp\/v2\/product"}],"about":[{"href":"https:\/\/www.nogometnizaotroke.com\/cs\/wp-json\/wp\/v2\/types\/product"}],"replies":[{"embeddable":true,"href":"https:\/\/www.nogometnizaotroke.com\/cs\/wp-json\/wp\/v2\/comments?post=12259"}],"wp:featuredmedia":[{"embeddable":true,"href":"https:\/\/www.nogometnizaotroke.com\/cs\/wp-json\/wp\/v2\/media\/12261"}],"wp:attachment":[{"href":"https:\/\/www.nogometnizaotroke.com\/cs\/wp-json\/wp\/v2\/media?parent=12259"}],"wp:term":[{"taxonomy":"product_brand","embeddable":true,"href":"https:\/\/www.nogometnizaotroke.com\/cs\/wp-json\/wp\/v2\/product_brand?post=12259"},{"taxonomy":"product_cat","embeddable":true,"href":"https:\/\/www.nogometnizaotroke.com\/cs\/wp-json\/wp\/v2\/product_cat?post=12259"},{"taxonomy":"product_tag","embeddable":true,"href":"https:\/\/www.nogometnizaotroke.com\/cs\/wp-json\/wp\/v2\/product_tag?post=12259"}],"curies":[{"name":"wp","href":"https:\/\/api.w.org\/{rel}","templated":true}]}}