{"id":12191,"date":"2024-04-25T02:41:53","date_gmt":"2024-04-25T02:41:53","guid":{"rendered":"https:\/\/www.nogometnionline.com\/?post_type=product&#038;p=12191"},"modified":"2024-04-25T02:41:57","modified_gmt":"2024-04-25T02:41:57","slug":"zenski-nogometni-dresi-argentina-domaci-copa-america-2024-po-narocilu","status":"publish","type":"product","link":"https:\/\/www.nogometnizaotroke.com\/cs\/product\/zenski-nogometni-dresi-argentina-domaci-copa-america-2024-po-narocilu\/","title":{"rendered":"D\u00e1msk\u00e9 fotbalov\u00e9 dresy Argentina Home Copa America 2024 Custom"},"content":{"rendered":"<p>D\u00e1msk\u00e9 fotbalov\u00e9 dresy Argentina Home Copa America 2024 Custom<\/p>","protected":false},"excerpt":{"rendered":"<p>D\u00e1msk\u00e9 fotbalov\u00e9 dresy Argentina Home Copa America 2024 Custom<\/p>","protected":false},"featured_media":12193,"comment_status":"open","ping_status":"closed","template":"","meta":[],"product_brand":[],"product_cat":[74,81],"product_tag":[816,153,148,147,320],"class_list":{"0":"post-12191","1":"product","2":"type-product","3":"status-publish","4":"has-post-thumbnail","6":"product_cat-zenski","7":"product_cat-dresi-argentina-reprezentance","8":"product_tag-argentina-copa-america-2024-dresi","9":"product_tag-nogometni-dresi","10":"product_tag-poceni-nogometni-dresi","11":"product_tag-slovenski-nogometni-dresi","12":"product_tag-zenski-nogometni-dresi","14":"first","15":"instock","16":"shipping-taxable","17":"purchasable","18":"product-type-variable"},"_links":{"self":[{"href":"https:\/\/www.nogometnizaotroke.com\/cs\/wp-json\/wp\/v2\/product\/12191","targetHints":{"allow":["GET"]}}],"collection":[{"href":"https:\/\/www.nogometnizaotroke.com\/cs\/wp-json\/wp\/v2\/product"}],"about":[{"href":"https:\/\/www.nogometnizaotroke.com\/cs\/wp-json\/wp\/v2\/types\/product"}],"replies":[{"embeddable":true,"href":"https:\/\/www.nogometnizaotroke.com\/cs\/wp-json\/wp\/v2\/comments?post=12191"}],"wp:featuredmedia":[{"embeddable":true,"href":"https:\/\/www.nogometnizaotroke.com\/cs\/wp-json\/wp\/v2\/media\/12193"}],"wp:attachment":[{"href":"https:\/\/www.nogometnizaotroke.com\/cs\/wp-json\/wp\/v2\/media?parent=12191"}],"wp:term":[{"taxonomy":"product_brand","embeddable":true,"href":"https:\/\/www.nogometnizaotroke.com\/cs\/wp-json\/wp\/v2\/product_brand?post=12191"},{"taxonomy":"product_cat","embeddable":true,"href":"https:\/\/www.nogometnizaotroke.com\/cs\/wp-json\/wp\/v2\/product_cat?post=12191"},{"taxonomy":"product_tag","embeddable":true,"href":"https:\/\/www.nogometnizaotroke.com\/cs\/wp-json\/wp\/v2\/product_tag?post=12191"}],"curies":[{"name":"wp","href":"https:\/\/api.w.org\/{rel}","templated":true}]}}