{"id":12153,"date":"2024-04-25T01:37:01","date_gmt":"2024-04-25T01:37:01","guid":{"rendered":"https:\/\/www.nogometnionline.com\/?post_type=product&#038;p=12153"},"modified":"2024-04-25T01:37:05","modified_gmt":"2024-04-25T01:37:05","slug":"poceni-otroski-nogometni-dresi-za-otroke-argentina-domaci-copa-america-2024","status":"publish","type":"product","link":"https:\/\/www.nogometnizaotroke.com\/cs\/product\/poceni-otroski-nogometni-dresi-za-otroke-argentina-domaci-copa-america-2024\/","title":{"rendered":"Poceni Otro\u0161ki Nogometni dresi za otroke Argentina Doma\u010di Copa America 2024"},"content":{"rendered":"<p>Poceni Otro\u0161ki Nogometni dresi za otroke Argentina Doma\u010di Copa America 2024<\/p>","protected":false},"excerpt":{"rendered":"<p>Poceni Otro\u0161ki Nogometni dresi za otroke Argentina Doma\u010di Copa America 2024<\/p>","protected":false},"featured_media":12155,"comment_status":"open","ping_status":"closed","template":"","meta":[],"product_brand":[],"product_cat":[140,81],"product_tag":[816,153,220,159,148,147],"class_list":{"0":"post-12153","1":"product","2":"type-product","3":"status-publish","4":"has-post-thumbnail","6":"product_cat-moski","7":"product_cat-dresi-argentina-reprezentance","8":"product_tag-argentina-copa-america-2024-dresi","9":"product_tag-nogometni-dresi","10":"product_tag-nogometni-dresi-za-otroke","11":"product_tag-otroski-nogometni-dresi","12":"product_tag-poceni-nogometni-dresi","13":"product_tag-slovenski-nogometni-dresi","15":"first","16":"instock","17":"shipping-taxable","18":"purchasable","19":"product-type-variable"},"_links":{"self":[{"href":"https:\/\/www.nogometnizaotroke.com\/cs\/wp-json\/wp\/v2\/product\/12153","targetHints":{"allow":["GET"]}}],"collection":[{"href":"https:\/\/www.nogometnizaotroke.com\/cs\/wp-json\/wp\/v2\/product"}],"about":[{"href":"https:\/\/www.nogometnizaotroke.com\/cs\/wp-json\/wp\/v2\/types\/product"}],"replies":[{"embeddable":true,"href":"https:\/\/www.nogometnizaotroke.com\/cs\/wp-json\/wp\/v2\/comments?post=12153"}],"wp:featuredmedia":[{"embeddable":true,"href":"https:\/\/www.nogometnizaotroke.com\/cs\/wp-json\/wp\/v2\/media\/12155"}],"wp:attachment":[{"href":"https:\/\/www.nogometnizaotroke.com\/cs\/wp-json\/wp\/v2\/media?parent=12153"}],"wp:term":[{"taxonomy":"product_brand","embeddable":true,"href":"https:\/\/www.nogometnizaotroke.com\/cs\/wp-json\/wp\/v2\/product_brand?post=12153"},{"taxonomy":"product_cat","embeddable":true,"href":"https:\/\/www.nogometnizaotroke.com\/cs\/wp-json\/wp\/v2\/product_cat?post=12153"},{"taxonomy":"product_tag","embeddable":true,"href":"https:\/\/www.nogometnizaotroke.com\/cs\/wp-json\/wp\/v2\/product_tag?post=12153"}],"curies":[{"name":"wp","href":"https:\/\/api.w.org\/{rel}","templated":true}]}}